{"id":2390,"date":"2018-07-30T11:18:40","date_gmt":"2018-07-30T11:18:40","guid":{"rendered":"https:\/\/www.lockerpoint.com\/?page_id=2390"},"modified":"2018-07-30T11:18:40","modified_gmt":"2018-07-30T11:18:40","slug":"blog","status":"publish","type":"page","link":"https:\/\/www.lockerpoint.com\/de\/blog\/","title":{"rendered":"Blog"},"content":{"rendered":"<div class=\"vc_row wpb_row vc_row-fluid mkdf-section mkdf-content-aligment-left\" style=\"\"><div class=\"clearfix mkdf-full-section-inner\"><div class=\"wpb_column vc_column_container vc_col-sm-12\"><div class=\"vc_column-inner\"><div class=\"wpb_wrapper\"><div data-original-height=\"5\" class=\"vc_empty_space\"  style=\"height: 5px\" >\n\t<span class=\"vc_empty_space_inner\"><\/span><\/div>\n<\/div><\/div><\/div><\/div><\/div><!-- Row Backgrounds --><div class=\"upb_color\" data-bg-override=\"0\" data-bg-color=\"#009625\" data-fadeout=\"\" data-fadeout-percentage=\"30\" data-parallax-content=\"\" data-parallax-content-sense=\"30\" data-row-effect-mobile-disable=\"true\" data-img-parallax-mobile-disable=\"true\" data-rtl=\"false\"  data-custom-vc-row=\"\"  data-vc=\"6.9.0\"  data-is_old_vc=\"\"  data-theme-support=\"\"   data-overlay=\"false\" data-overlay-color=\"\" data-overlay-pattern=\"\" data-overlay-pattern-opacity=\"\" data-overlay-pattern-size=\"\"    ><\/div><div class=\"vc_row wpb_row vc_row-fluid mkdf-section vc_custom_1518533306985 mkdf-content-aligment-center mkdf-grid-section\" style=\"\"><div class=\"clearfix mkdf-section-inner\"><div class=\"mkdf-section-inner-margin clearfix\"><div class=\"wpb_column vc_column_container vc_col-sm-12\"><div class=\"vc_column-inner\"><div class=\"wpb_wrapper\">\n\t<div class=\"wpb_text_column wpb_content_element \" >\n\t\t<div class=\"wpb_wrapper\">\n\t\t\t<h2><span style=\"color: #000000;\">Lockerpoint Blog<\/span><\/h2>\n\n\t\t<\/div>\n\t<\/div>\n<div data-original-height=\"11\" class=\"vc_empty_space\"  style=\"height: 11px\" >\n\t<span class=\"vc_empty_space_inner\"><\/span><\/div>\n<div class=\"mkdf-section-subtitle-holder mkdf-section-subtitle-center\" style=\"width: 100%\">\n\t<p style=\"color: #515151;text-align: center\" class=\"mkdf-section-subtitle\">Lesen Sie unseren Blog f\u00fcr die besten Tipps und Ideen f\u00fcr Ihren Tag in Amsterdam, erg\u00e4nzt mit den neuesten Nachrichten \u00fcber Lockerpoint.<\/p>\n<\/div><div data-original-height=\"20\" class=\"vc_empty_space\"  style=\"height: 20px\" >\n\t<span class=\"vc_empty_space_inner\"><\/span><\/div>\n<div data-mkdf-parallax-speed=\"1\" class=\"vc_row wpb_row vc_inner vc_row-fluid mkdf-section mkdf-content-aligment-left\" style=\"\"><div class=\"mkdf-full-section-inner\"><div class=\"wpb_column vc_column_container vc_col-sm-12\"><div class=\"vc_column-inner\"><div class=\"wpb_wrapper\"><div class=\"mkdf-tours-list-holder mkdf-tours-gallery-with-hover\">\n\t\t\t\n\t\t\n\t\t<div class=\"mkdf-tours-list-holder-inner mkdf-four-items\">\n\n\t\t\t\t\n\t<div class=\"mkdf-tour-list-item-inner post-2392 tour-item type-tour-item status-publish has-post-thumbnail hentry tour-category-blog\">\n\t\t<div class=\"mkdf-tours-standard-item post-2392 tour-item type-tour-item status-publish has-post-thumbnail hentry tour-category-blog\">\n\t\t\t<div class=\"mkdf-tours-standard-item-image-holder\">\n\t\t\t<a href=\"https:\/\/www.lockerpoint.com\/de\/blog\/10-tipps-fur-ihren-letzten-tag-in-amsterdam\/\">\n\t\t\t\t<img decoding=\"async\" width=\"1920\" height=\"1281\" src=\"https:\/\/www.lockerpoint.com\/wp-content\/uploads\/storm-approaching-in-amsterdam.jpg\" class=\"attachment-full size-full wp-post-image\" alt=\"\" srcset=\"https:\/\/www.lockerpoint.com\/wp-content\/uploads\/storm-approaching-in-amsterdam.jpg 1920w, https:\/\/www.lockerpoint.com\/wp-content\/uploads\/storm-approaching-in-amsterdam-300x200.jpg 300w, https:\/\/www.lockerpoint.com\/wp-content\/uploads\/storm-approaching-in-amsterdam-768x512.jpg 768w, https:\/\/www.lockerpoint.com\/wp-content\/uploads\/storm-approaching-in-amsterdam-1024x683.jpg 1024w\" sizes=\"(max-width: 1920px) 100vw, 1920px\" \/>\n\t\t\t\t\t\t\t\t\t<span class=\"mkdf-tours-standard-item-label-holder\">\n\t\t\t\t\t\t\n\t\t<span class=\"mkdf-tour-item-label\">\n\t\t\t<span class=\"mkdf-tour-item-label-inner\">\n\t\t\t\t\t\t\t<\/span>\n\t\t<\/span>\n\n\t\t\t\t\t\t\t<\/span>\n\t\t\t\t\t\t\t<\/a>\n\t\t<\/div>\n\t\n\t<div class=\"mkdf-tours-standard-item-content-holder\">\n\t\t<div class=\"mkdf-tours-standard-item-title-price-holder\">\n\t\t\t<h5 class=\"mkdf-tour-title\" style=\"font-size:17px\">\n\t\t\t\t<a href=\"https:\/\/www.lockerpoint.com\/de\/blog\/10-tipps-fur-ihren-letzten-tag-in-amsterdam\/\">10 Tipps f\u00fcr Ihren letzten Tag in Amsterdam<\/a>\n\n\t\t\t\t<span class=\"mkdf-tours-standard-item-price-holder\">\n\t\t\t\t\t\n\t\t<span class=\"mkdf-tours-price-holder\">\n\t\t\t\t\t\t\t\t<\/span>\n\n\t\t\t\t\t\t<\/span>\n\n\t\t\t<\/h5>\n\t\t<\/div>\n\n\t\t<div class=\"mkdf-tours-standard-item-rating\">\n\t\t\t\n\t\t\n\t\t\t\t<\/div>\n\n\t\t\t\t\t<div class=\"mkdf-tours-standard-item-excerpt\">\n\t\t\t\tIhr Tag oder Wochenende in Amsterdam ist fast vor\u00fcber. Sie haben Ihr Gep\u00e4ck gerade in einem Schlie\u00dffach von Lockerpoint eingeschlossen und m\u00f6chten Ihre letzten Stunden in der Hauptstadt nun nat\u00fcrlich so gut wie m\u00f6glich nutzen\t\t\t<\/div>\n\t\t\n\t\t<div class=\"mkdf-tours-standard-item-bottom-content\">\n\t\t\t\n\t\t\t\t\t<\/div>\n\t<\/div>\n<\/div>\t<\/div>\n\n\t\t\t<div class=\"mkdf-tours-list-grid-sizer\"><\/div>\n\t\t<\/div>\n\n\t\t\n\n\t\t<\/div><div data-original-height=\"20\" class=\"vc_empty_space\"  style=\"height: 20px\" >\n\t<span class=\"vc_empty_space_inner\"><\/span><\/div>\n<\/div><\/div><\/div><\/div><\/div><\/div><\/div><\/div><\/div><\/div><\/div><!-- Row Backgrounds --><div class=\"upb_color\" data-bg-override=\"ex-full\" data-bg-color=\"#ffffff\" data-fadeout=\"\" data-fadeout-percentage=\"30\" data-parallax-content=\"\" data-parallax-content-sense=\"30\" data-row-effect-mobile-disable=\"true\" data-img-parallax-mobile-disable=\"true\" data-rtl=\"false\"  data-custom-vc-row=\"\"  data-vc=\"6.9.0\"  data-is_old_vc=\"\"  data-theme-support=\"\"   data-overlay=\"false\" data-overlay-color=\"\" data-overlay-pattern=\"\" data-overlay-pattern-opacity=\"\" data-overlay-pattern-size=\"\"    ><\/div>\n","protected":false},"excerpt":{"rendered":"[TS_VCSC_Image_Full image=\"2372\"] Ihr Tag oder Wochenende in Amsterdam ist fast vor\u00fcber. Sie haben Ihr Gep\u00e4ck gerade in einem Schlie\u00dffach von Lockerpoint eingeschlossen und m\u00f6chten Ihre letzten Stunden in der Hauptstadt nun nat\u00fcrlich so gut wie m\u00f6glich nutzen. Wie viele unserer Kunden bitten Sie uns auch um ein paar interessante Tipps. Selbstverst\u00e4ndlich helfen wir Ihnen gerne weiter! Zusammen mit unseren Mitarbeitern haben wir diesen Blogbeitrag mit all den unverzichtbaren Sehensw\u00fcrdigkeiten und Aktivit\u00e4ten rund um unseren Lockerpoint-Standort in der Beurs van Berlage zusammengestellt. Mieten Sie ein Fahrrad und fahren Sie wie ein...","protected":false},"author":1,"featured_media":0,"parent":0,"menu_order":0,"comment_status":"closed","ping_status":"closed","template":"","meta":{"footnotes":""},"class_list":["post-2390","page","type-page","status-publish","hentry"],"yoast_head":"<!-- This site is optimized with the Yoast SEO plugin v27.5 - https:\/\/yoast.com\/product\/yoast-seo-wordpress\/ -->\n<title>Blog &#8226; Lockerpoint.com<\/title>\n<meta name=\"robots\" content=\"index, follow, max-snippet:-1, max-image-preview:large, max-video-preview:-1\" \/>\n<link rel=\"canonical\" href=\"https:\/\/www.lockerpoint.com\/de\/blog\/\" \/>\n<meta property=\"og:locale\" content=\"de_DE\" \/>\n<meta property=\"og:type\" content=\"article\" \/>\n<meta property=\"og:title\" content=\"Blog &#8226; Lockerpoint.com\" \/>\n<meta property=\"og:url\" content=\"https:\/\/www.lockerpoint.com\/de\/blog\/\" \/>\n<meta property=\"og:site_name\" content=\"Lockerpoint.com\" \/>\n<meta property=\"article:publisher\" content=\"https:\/\/www.facebook.com\/pages\/category\/Product-Service\/Lockerpointcom-1771311219606964\/\" \/>\n<meta name=\"twitter:card\" content=\"summary_large_image\" \/>\n<meta name=\"twitter:label1\" content=\"Gesch\u00e4tzte Lesezeit\" \/>\n\t<meta name=\"twitter:data1\" content=\"1\u00a0Minute\" \/>\n<!-- \/ Yoast SEO plugin. -->","yoast_head_json":{"title":"Blog &#8226; Lockerpoint.com","robots":{"index":"index","follow":"follow","max-snippet":"max-snippet:-1","max-image-preview":"max-image-preview:large","max-video-preview":"max-video-preview:-1"},"canonical":"https:\/\/www.lockerpoint.com\/de\/blog\/","og_locale":"de_DE","og_type":"article","og_title":"Blog &#8226; Lockerpoint.com","og_url":"https:\/\/www.lockerpoint.com\/de\/blog\/","og_site_name":"Lockerpoint.com","article_publisher":"https:\/\/www.facebook.com\/pages\/category\/Product-Service\/Lockerpointcom-1771311219606964\/","twitter_card":"summary_large_image","twitter_misc":{"Gesch\u00e4tzte Lesezeit":"1\u00a0Minute"},"schema":{"@context":"https:\/\/schema.org","@graph":[{"@type":"WebPage","@id":"https:\/\/www.lockerpoint.com\/de\/blog\/","url":"https:\/\/www.lockerpoint.com\/de\/blog\/","name":"Blog &#8226; Lockerpoint.com","isPartOf":{"@id":"https:\/\/www.lockerpoint.com\/de\/#website"},"datePublished":"2018-07-30T11:18:40+00:00","breadcrumb":{"@id":"https:\/\/www.lockerpoint.com\/de\/blog\/#breadcrumb"},"inLanguage":"de","potentialAction":[{"@type":"ReadAction","target":["https:\/\/www.lockerpoint.com\/de\/blog\/"]}]},{"@type":"BreadcrumbList","@id":"https:\/\/www.lockerpoint.com\/de\/blog\/#breadcrumb","itemListElement":[{"@type":"ListItem","position":1,"name":"Home","item":"https:\/\/www.lockerpoint.com\/de\/"},{"@type":"ListItem","position":2,"name":"Blog"}]},{"@type":"WebSite","@id":"https:\/\/www.lockerpoint.com\/de\/#website","url":"https:\/\/www.lockerpoint.com\/de\/","name":"Lockerpoint.com","description":"lockerpoint.com","potentialAction":[{"@type":"SearchAction","target":{"@type":"EntryPoint","urlTemplate":"https:\/\/www.lockerpoint.com\/de\/?s={search_term_string}"},"query-input":{"@type":"PropertyValueSpecification","valueRequired":true,"valueName":"search_term_string"}}],"inLanguage":"de"}]}},"_links":{"self":[{"href":"https:\/\/www.lockerpoint.com\/de\/wp-json\/wp\/v2\/pages\/2390","targetHints":{"allow":["GET"]}}],"collection":[{"href":"https:\/\/www.lockerpoint.com\/de\/wp-json\/wp\/v2\/pages"}],"about":[{"href":"https:\/\/www.lockerpoint.com\/de\/wp-json\/wp\/v2\/types\/page"}],"author":[{"embeddable":true,"href":"https:\/\/www.lockerpoint.com\/de\/wp-json\/wp\/v2\/users\/1"}],"replies":[{"embeddable":true,"href":"https:\/\/www.lockerpoint.com\/de\/wp-json\/wp\/v2\/comments?post=2390"}],"version-history":[{"count":0,"href":"https:\/\/www.lockerpoint.com\/de\/wp-json\/wp\/v2\/pages\/2390\/revisions"}],"wp:attachment":[{"href":"https:\/\/www.lockerpoint.com\/de\/wp-json\/wp\/v2\/media?parent=2390"}],"curies":[{"name":"wp","href":"https:\/\/api.w.org\/{rel}","templated":true}]}}