{"id":30666,"date":"2026-01-07T08:59:44","date_gmt":"2026-01-07T08:59:44","guid":{"rendered":"https:\/\/www.lockerpoint.com\/gepaeckaufbewahrung-manchester\/"},"modified":"2026-01-07T08:59:44","modified_gmt":"2026-01-07T08:59:44","slug":"gepaeckaufbewahrung-manchester","status":"publish","type":"page","link":"https:\/\/www.lockerpoint.com\/de\/gepaeckaufbewahrung-manchester\/","title":{"rendered":"Gep\u00e4ckaufbewahrung Manchester"},"content":{"rendered":"<h2><strong>Gep\u00e4ckaufbewahrung Manchester (demn\u00e4chst verf\u00fcgbar)<\/strong><\/h2>\n<p>Manchester ist eine dynamische Stadt, die f\u00fcr ihre Kulturszene, Einkaufsviertel, Universit\u00e4ten und gro\u00dfen Sportveranstaltungen bekannt ist. Besucher kommen oft fr\u00fch am Tag an oder reisen sp\u00e4t am Abend ab, was einen Bedarf an flexibler Gep\u00e4ckaufbewahrung schaffen kann. Lockerpoint pr\u00fcft die M\u00f6glichkeit, seine Gep\u00e4ckaufbewahrungsl\u00f6sung in Manchester einzuf\u00fchren. Lockerpoint ist noch nicht in der Stadt t\u00e4tig, aber erste Vorbereitungen sind im Gange, die zu einer m\u00f6glichen Einf\u00fchrung in der Zukunft f\u00fchren k\u00f6nnten. Diese Seite dient als informativer \u00dcberblick und wird aktualisiert, sobald sich die Pl\u00e4ne entwickeln.    <\/p>\n<h2>Gep\u00e4ckaufbewahrung f\u00fcr St\u00e4dtereisen<\/h2>\n<p>Lockerpoint bietet eine sichere Gep\u00e4ckaufbewahrung, die zum modernen Reisen in der Stadt passt. Anstatt Taschen durch belebte Stra\u00dfen zu tragen oder Gep\u00e4ck an unsicheren Orten zu lagern, k\u00f6nnen Reisende ihre Sachen sicher in einem Lockerpoint-Schlie\u00dffach aufbewahren und ihren Tag unbesorgt fortsetzen. <\/p>\n<p>Lockerpoint ist geeignet f\u00fcr:<br \/>\n\u2022 Reisende zwischen Check-in- und Check-out-Zeiten<br \/>\n\u2022 Besucher, die die Stadt vor der Weiterreise erkunden<\/p>\n<h2>Wo wir jetzt sind<\/h2>\n<p>Lockerpoint bewertet derzeit Manchester im Rahmen seiner Expansionspl\u00e4ne. Unser Fokus liegt auf:<br \/>\n\u2022 Auswahl zentraler und leicht zug\u00e4nglicher Standorte<br \/>\n\u2022 Aufbau von Partnerschaften mit lokalen Unternehmen und Immobilienbesitzern <\/p>\n<p>Updates werden geteilt, sobald die Lockerpoint-Gep\u00e4ckaufbewahrung in Manchester verf\u00fcgbar ist.<\/p>\n<h2>Werden Sie Partner von Lockerpoint oder bieten Sie einen Standort an<\/h2>\n<p>Besitzen oder verwalten Sie eine Immobilie in Manchester und sehen Sie eine M\u00f6glichkeit, Lockerpoint-Gep\u00e4ckschlie\u00dff\u00e4cher zu beherbergen? Oder sind Sie daran interessiert, mit Lockerpoint zusammenzuarbeiten, um Reisende in der Stadt zu unterst\u00fctzen? Wir freuen uns \u00fcber Gespr\u00e4che mit lokalen Partnern, die Kooperationsm\u00f6glichkeiten ausloten m\u00f6chten. Nehmen Sie \u00fcber das <strong><a href=\"https:\/\/www.lockerpoint.com\/de\/contact\/\">Kontaktformular<\/a><\/strong> Kontakt mit uns auf.   <\/p>\n<h2>Wachstum in verschiedenen St\u00e4dten<\/h2>\n<p>Manchester ist eine von mehreren St\u00e4dten, die im Rahmen des internationalen Wachstums von Lockerpoint in Betracht gezogen werden. Unser Ziel ist es, das Reisen in der Stadt zu erleichtern, indem wir eine sichere, flexible Gep\u00e4ckaufbewahrung an den Orten anbieten, an denen Reisende sie am meisten ben\u00f6tigen. <\/p>\n","protected":false},"excerpt":{"rendered":"<p>Gep\u00e4ckaufbewahrung Manchester (demn\u00e4chst verf\u00fcgbar) Manchester ist eine dynamische Stadt, die f\u00fcr ihre Kulturszene, Einkaufsviertel, Universit\u00e4ten und gro\u00dfen Sportveranstaltungen bekannt ist. Besucher kommen oft fr\u00fch am Tag an oder reisen sp\u00e4t am Abend ab, was einen Bedarf an flexibler Gep\u00e4ckaufbewahrung schaffen kann. Lockerpoint pr\u00fcft die M\u00f6glichkeit, seine Gep\u00e4ckaufbewahrungsl\u00f6sung in Manchester einzuf\u00fchren. Lockerpoint ist noch nicht in der Stadt t\u00e4tig, aber erste Vorbereitungen sind im Gange, die zu einer m\u00f6glichen Einf\u00fchrung in der Zukunft f\u00fchren k\u00f6nnten. Diese Seite dient als informativer \u00dcberblick und wird aktualisiert, sobald sich die Pl\u00e4ne entwickeln. Gep\u00e4ckaufbewahrung f\u00fcr&#8230;<\/p>\n","protected":false},"author":1,"featured_media":0,"parent":0,"menu_order":0,"comment_status":"closed","ping_status":"closed","template":"","meta":{"footnotes":""},"class_list":["post-30666","page","type-page","status-publish","hentry"],"yoast_head":"<!-- This site is optimized with the Yoast SEO plugin v27.4 - https:\/\/yoast.com\/product\/yoast-seo-wordpress\/ -->\n<title>Gep\u00e4ckaufbewahrung Manchester &#8226; Lockerpoint.com<\/title>\n<meta name=\"robots\" content=\"index, follow, max-snippet:-1, max-image-preview:large, max-video-preview:-1\" \/>\n<link rel=\"canonical\" href=\"https:\/\/www.lockerpoint.com\/de\/gepaeckaufbewahrung-manchester\/\" \/>\n<meta property=\"og:locale\" content=\"de_DE\" \/>\n<meta property=\"og:type\" content=\"article\" \/>\n<meta property=\"og:title\" content=\"Gep\u00e4ckaufbewahrung Manchester &#8226; Lockerpoint.com\" \/>\n<meta property=\"og:description\" content=\"Gep\u00e4ckaufbewahrung Manchester (demn\u00e4chst verf\u00fcgbar) Manchester ist eine dynamische Stadt, die f\u00fcr ihre Kulturszene, Einkaufsviertel, Universit\u00e4ten und gro\u00dfen Sportveranstaltungen bekannt ist. Besucher kommen oft fr\u00fch am Tag an oder reisen sp\u00e4t am Abend ab, was einen Bedarf an flexibler Gep\u00e4ckaufbewahrung schaffen kann. Lockerpoint pr\u00fcft die M\u00f6glichkeit, seine Gep\u00e4ckaufbewahrungsl\u00f6sung in Manchester einzuf\u00fchren. Lockerpoint ist noch nicht in der Stadt t\u00e4tig, aber erste Vorbereitungen sind im Gange, die zu einer m\u00f6glichen Einf\u00fchrung in der Zukunft f\u00fchren k\u00f6nnten. Diese Seite dient als informativer \u00dcberblick und wird aktualisiert, sobald sich die Pl\u00e4ne entwickeln. Gep\u00e4ckaufbewahrung f\u00fcr...\" \/>\n<meta property=\"og:url\" content=\"https:\/\/www.lockerpoint.com\/de\/gepaeckaufbewahrung-manchester\/\" \/>\n<meta property=\"og:site_name\" content=\"Lockerpoint.com\" \/>\n<meta property=\"article:publisher\" content=\"https:\/\/www.facebook.com\/pages\/category\/Product-Service\/Lockerpointcom-1771311219606964\/\" \/>\n<meta name=\"twitter:card\" content=\"summary_large_image\" \/>\n<meta name=\"twitter:label1\" content=\"Gesch\u00e4tzte Lesezeit\" \/>\n\t<meta name=\"twitter:data1\" content=\"2\u00a0Minuten\" \/>\n<!-- \/ Yoast SEO plugin. -->","yoast_head_json":{"title":"Gep\u00e4ckaufbewahrung Manchester &#8226; Lockerpoint.com","robots":{"index":"index","follow":"follow","max-snippet":"max-snippet:-1","max-image-preview":"max-image-preview:large","max-video-preview":"max-video-preview:-1"},"canonical":"https:\/\/www.lockerpoint.com\/de\/gepaeckaufbewahrung-manchester\/","og_locale":"de_DE","og_type":"article","og_title":"Gep\u00e4ckaufbewahrung Manchester &#8226; Lockerpoint.com","og_description":"Gep\u00e4ckaufbewahrung Manchester (demn\u00e4chst verf\u00fcgbar) Manchester ist eine dynamische Stadt, die f\u00fcr ihre Kulturszene, Einkaufsviertel, Universit\u00e4ten und gro\u00dfen Sportveranstaltungen bekannt ist. Besucher kommen oft fr\u00fch am Tag an oder reisen sp\u00e4t am Abend ab, was einen Bedarf an flexibler Gep\u00e4ckaufbewahrung schaffen kann. Lockerpoint pr\u00fcft die M\u00f6glichkeit, seine Gep\u00e4ckaufbewahrungsl\u00f6sung in Manchester einzuf\u00fchren. Lockerpoint ist noch nicht in der Stadt t\u00e4tig, aber erste Vorbereitungen sind im Gange, die zu einer m\u00f6glichen Einf\u00fchrung in der Zukunft f\u00fchren k\u00f6nnten. Diese Seite dient als informativer \u00dcberblick und wird aktualisiert, sobald sich die Pl\u00e4ne entwickeln. Gep\u00e4ckaufbewahrung f\u00fcr...","og_url":"https:\/\/www.lockerpoint.com\/de\/gepaeckaufbewahrung-manchester\/","og_site_name":"Lockerpoint.com","article_publisher":"https:\/\/www.facebook.com\/pages\/category\/Product-Service\/Lockerpointcom-1771311219606964\/","twitter_card":"summary_large_image","twitter_misc":{"Gesch\u00e4tzte Lesezeit":"2\u00a0Minuten"},"schema":{"@context":"https:\/\/schema.org","@graph":[{"@type":"WebPage","@id":"https:\/\/www.lockerpoint.com\/de\/gepaeckaufbewahrung-manchester\/","url":"https:\/\/www.lockerpoint.com\/de\/gepaeckaufbewahrung-manchester\/","name":"Gep\u00e4ckaufbewahrung Manchester &#8226; Lockerpoint.com","isPartOf":{"@id":"https:\/\/www.lockerpoint.com\/de\/#website"},"datePublished":"2026-01-07T08:59:44+00:00","breadcrumb":{"@id":"https:\/\/www.lockerpoint.com\/de\/gepaeckaufbewahrung-manchester\/#breadcrumb"},"inLanguage":"de","potentialAction":[{"@type":"ReadAction","target":["https:\/\/www.lockerpoint.com\/de\/gepaeckaufbewahrung-manchester\/"]}]},{"@type":"BreadcrumbList","@id":"https:\/\/www.lockerpoint.com\/de\/gepaeckaufbewahrung-manchester\/#breadcrumb","itemListElement":[{"@type":"ListItem","position":1,"name":"Home","item":"https:\/\/www.lockerpoint.com\/de\/"},{"@type":"ListItem","position":2,"name":"Gep\u00e4ckaufbewahrung Manchester"}]},{"@type":"WebSite","@id":"https:\/\/www.lockerpoint.com\/de\/#website","url":"https:\/\/www.lockerpoint.com\/de\/","name":"Lockerpoint.com","description":"lockerpoint.com","potentialAction":[{"@type":"SearchAction","target":{"@type":"EntryPoint","urlTemplate":"https:\/\/www.lockerpoint.com\/de\/?s={search_term_string}"},"query-input":{"@type":"PropertyValueSpecification","valueRequired":true,"valueName":"search_term_string"}}],"inLanguage":"de"}]}},"_links":{"self":[{"href":"https:\/\/www.lockerpoint.com\/de\/wp-json\/wp\/v2\/pages\/30666","targetHints":{"allow":["GET"]}}],"collection":[{"href":"https:\/\/www.lockerpoint.com\/de\/wp-json\/wp\/v2\/pages"}],"about":[{"href":"https:\/\/www.lockerpoint.com\/de\/wp-json\/wp\/v2\/types\/page"}],"author":[{"embeddable":true,"href":"https:\/\/www.lockerpoint.com\/de\/wp-json\/wp\/v2\/users\/1"}],"replies":[{"embeddable":true,"href":"https:\/\/www.lockerpoint.com\/de\/wp-json\/wp\/v2\/comments?post=30666"}],"version-history":[{"count":0,"href":"https:\/\/www.lockerpoint.com\/de\/wp-json\/wp\/v2\/pages\/30666\/revisions"}],"wp:attachment":[{"href":"https:\/\/www.lockerpoint.com\/de\/wp-json\/wp\/v2\/media?parent=30666"}],"curies":[{"name":"wp","href":"https:\/\/api.w.org\/{rel}","templated":true}]}}