{"id":30688,"date":"2026-01-07T09:15:42","date_gmt":"2026-01-07T09:15:42","guid":{"rendered":"https:\/\/www.lockerpoint.com\/schluessel-service-airbnb-amsterdam\/"},"modified":"2026-01-07T09:15:47","modified_gmt":"2026-01-07T09:15:47","slug":"schluessel-service-airbnb-amsterdam","status":"publish","type":"page","link":"https:\/\/www.lockerpoint.com\/de\/schluessel-service-airbnb-amsterdam\/","title":{"rendered":"Schl\u00fcssel Service Airbnb Amsterdam"},"content":{"rendered":"<div class=\"vc_row wpb_row vc_row-fluid mkdf-section mkdf-content-aligment-left\" style=\"\"><div class=\"clearfix mkdf-full-section-inner\"><div class=\"wpb_column vc_column_container vc_col-sm-12\"><div class=\"vc_column-inner\"><div class=\"wpb_wrapper\">\n\t<div class=\"wpb_text_column wpb_content_element \" >\n\t\t<div class=\"wpb_wrapper\">\n\t\t\t<h1>Schl\u00fcsseldienst Amsterdam<\/h1>\n\n\t\t<\/div>\n\t<\/div>\n\n\t<div class=\"wpb_text_column wpb_content_element \" >\n\t\t<div class=\"wpb_wrapper\">\n\t\t\t<p><a href=\"https:\/\/www.lockerpoint.com\/de\/reviews\/\">\t\t<div itemscope itemtype=\"http:\/\/schema.org\/Organization\">\n\t\t\t<span itemprop=\"name\" style=\"display:none\">Schl\u00fcssel Service Airbnb Amsterdam<\/span>\n\t\t\t\t\t\tBewertung:\t\t\t<span itemprop=\"aggregateRating\" itemscope itemtype=\"http:\/\/schema.org\/AggregateRating\">\n\t\t\t\t<span class=\"stars\">\n\t\t\t\t\t&#9733;&#9733;&#9733;&#9733;&#9733;\t\t\t\t<\/span>\n\t\t\t\t<span class=\"rating\" itemprop=\"ratingValue\" style=\"display: none !important;\">\n\t\t\t\t\t4.6\t\t\t\t<\/span> basierend auf\t\t\t\t<span class=\"votes\" itemprop=\"reviewCount\">\n\t\t\t\t\t140\t\t\t\t<\/span> bewertungen.\t\t\t\t<div style=\"display:none\">\n\t\t\t\t\t<span itemprop=\"bestRating\">5<\/span>\n\t\t\t\t\t<span itemprop=\"worstRating\">1<\/span>\n\t\t\t\t<\/div>\n\t\t\t<\/span>\n\t\t\t<div itemprop=\"review\" itemscope itemtype=\"http:\/\/schema.org\/Review\">\n\t\t\t\t<span itemprop=\"author\" itemscope itemtype=\"https:\/\/schema.org\/Person\" style=\"display: none;\">\n\t\t\t\t\t<span itemprop=\"name\">Anonymous<\/span>\n\t\t\t\t<\/span>\n\t\t\t<\/div>\n\t\t<\/div>\n\t\t\t<style>\n\t\t.stars, .rr_star {\n\t\t\tcolor: #ffaf00;\n\t\t}\n\t<\/style>\n\t<\/a><\/p>\n\n\t\t<\/div>\n\t<\/div>\n\n\t<div class=\"wpb_text_column wpb_content_element \" >\n\t\t<div class=\"wpb_wrapper\">\n\t\t\t<p>Sind Sie nicht in der Lage, die Schl\u00fcssel Ihrer Mietwohnung an Ihre G\u00e4ste zu \u00fcbergeben? Machen Sie es sich bequem und nutzen Sie den Lockerpoint (Airbnb) Schl\u00fcsselservice in Amsterdam. Wir bieten eine einfache und sichere Schl\u00fcssel\u00fcbergabe zwischen Ihnen und Ihren Mietern zu sehr g\u00fcnstigen Tarifen.<\/p>\n\n\t\t<\/div>\n\t<\/div>\n<div data-mkdf-parallax-speed=\"1\" class=\"vc_row wpb_row vc_inner vc_row-fluid mkdf-section mkdf-content-aligment-left\" style=\"\"><div class=\"mkdf-full-section-inner\"><div class=\"wpb_column vc_column_container vc_col-sm-6\"><div class=\"vc_column-inner\"><div class=\"wpb_wrapper\">\n\t<div class=\"wpb_text_column wpb_content_element \" >\n\t\t<div class=\"wpb_wrapper\">\n\t\t\t<h2>Einfache, sichere und g\u00fcnstige Schl\u00fcssel\u00fcbergabe in Amsterdam<\/h2>\n<p>Lockerpoint verf\u00fcgt \u00fcber zentral gelegene und gesicherte Standorte in der N\u00e4he von Touristenorten wie dem Amsterdamer Hauptbahnhof. Sie mieten bei uns einen Schl\u00fcsselsafe, der mit einem Pin-Code versehen ist, und dort deponieren Sie die Schl\u00fcssel. Sie m\u00fcssen Ihren G\u00e4sten nur den Standort von Lockerpoint und den Pin-Code mitteilen, um eine sichere Schl\u00fcssel\u00fcbergabe zu gew\u00e4hrleisten. Falls gew\u00fcnscht, k\u00f6nnen Ihre G\u00e4ste den Schl\u00fcssel nat\u00fcrlich auch im Schl\u00fcsselsafe lassen.<\/p>\n\n\t\t<\/div>\n\t<\/div>\n<\/div><\/div><\/div><div class=\"wpb_column vc_column_container vc_col-sm-6\"><div class=\"vc_column-inner\"><div class=\"wpb_wrapper\"><div data-original-height=\"15\" class=\"vc_empty_space\"  style=\"height: 15px\" >\n\t<span class=\"vc_empty_space_inner\"><\/span><\/div>\n\n\t<div  class=\"wpb_single_image wpb_content_element vc_align_center\">\n\t\t\n\t\t<figure class=\"wpb_wrapper vc_figure\">\n\t\t\t<div class=\"vc_single_image-wrapper   vc_box_border_grey\"><img decoding=\"async\" width=\"300\" height=\"200\" src=\"https:\/\/www.lockerpoint.com\/wp-content\/uploads\/sleutelkluis-amsterdam-300x200.jpg\" class=\"vc_single_image-img attachment-medium\" alt=\"\" title=\"Golden Key Gold Security Key Close\" srcset=\"https:\/\/www.lockerpoint.com\/wp-content\/uploads\/sleutelkluis-amsterdam-300x200.jpg 300w, https:\/\/www.lockerpoint.com\/wp-content\/uploads\/sleutelkluis-amsterdam-768x512.jpg 768w, https:\/\/www.lockerpoint.com\/wp-content\/uploads\/sleutelkluis-amsterdam.jpg 960w\" sizes=\"(max-width: 300px) 100vw, 300px\" \/><\/div>\n\t\t<\/figure>\n\t<\/div>\n<\/div><\/div><\/div><\/div><\/div><\/div><\/div><\/div><\/div><\/div><div class=\"vc_row wpb_row vc_row-fluid mkdf-section mkdf-content-aligment-left\" style=\"\"><div class=\"clearfix mkdf-full-section-inner\"><div class=\"wpb_column vc_column_container vc_col-sm-12\"><div class=\"vc_column-inner\"><div class=\"wpb_wrapper\">\n\t<div class=\"wpb_text_column wpb_content_element \" >\n\t\t<div class=\"wpb_wrapper\">\n\t\t\t<h2>Extra Service f\u00fcr Ihre G\u00e4ste<\/h2>\n<p>An unseren Lockerpoint-Standorten finden Sie gro\u00dfe Gep\u00e4ckschlie\u00dff\u00e4cher, die Ihre G\u00e4ste zu Beginn oder am Ende ihres Aufenthalts mieten k\u00f6nnen. Auf diese Weise k\u00f6nnen sie ihren Aufenthalt in Amsterdam genie\u00dfen, ohne ihr gesamtes Gep\u00e4ck tragen zu m\u00fcssen. <\/p>\n<h2>Haben Sie Fragen zu unserem Schl\u00fcsseldienst?<\/h2>\n<p>Haben Sie Fragen oder besondere W\u00fcnsche? Bitte kontaktieren Sie uns \u00fcber das untenstehende Formular oder rufen Sie unseren Kundenservice an. Wir helfen Ihnen gerne bei jedem Problem, das Sie haben. Unser wichtigstes Ziel sind zufriedene G\u00e4ste.<\/p>\n\n\t\t<\/div>\n\t<\/div>\n<\/div><\/div><\/div><\/div><\/div><div class=\"vc_row wpb_row vc_row-fluid mkdf-section mkdf-content-aligment-left\" style=\"\"><div class=\"clearfix mkdf-full-section-inner\"><div class=\"wpb_column vc_column_container vc_col-sm-12\"><div class=\"vc_column-inner\"><div class=\"wpb_wrapper\"><div data-original-height=\"40\" class=\"vc_empty_space\"  style=\"height: 40px\" >\n\t<span class=\"vc_empty_space_inner\"><\/span><\/div>\n\n\t<div class=\"wpb_text_column wpb_content_element \" >\n\t\t<div class=\"wpb_wrapper\">\n\t\t\t<h3>Kontaktformular<\/h3>\n\n\t\t<\/div>\n\t<\/div>\n<div data-original-height=\"40\" class=\"vc_empty_space\"  style=\"height: 40px\" >\n\t<span class=\"vc_empty_space_inner\"><\/span><\/div>\n\n<div class=\"wpcf7 no-js\" id=\"wpcf7-f3167-o1\" lang=\"en-US\" dir=\"ltr\" data-wpcf7-id=\"3167\">\n<div class=\"screen-reader-response\"><p role=\"status\" aria-live=\"polite\" aria-atomic=\"true\"><\/p> <ul><\/ul><\/div>\n<form action=\"\/de\/wp-json\/wp\/v2\/pages\/30688#wpcf7-f3167-o1\" method=\"post\" class=\"wpcf7-form init\" aria-label=\"Contact form\" novalidate=\"novalidate\" data-status=\"init\">\n<fieldset class=\"hidden-fields-container\"><input type=\"hidden\" name=\"_wpcf7\" value=\"3167\" \/><input type=\"hidden\" name=\"_wpcf7_version\" value=\"6.1.5\" \/><input type=\"hidden\" name=\"_wpcf7_locale\" value=\"en_US\" \/><input type=\"hidden\" name=\"_wpcf7_unit_tag\" value=\"wpcf7-f3167-o1\" \/><input type=\"hidden\" name=\"_wpcf7_container_post\" value=\"0\" \/><input type=\"hidden\" name=\"_wpcf7_posted_data_hash\" value=\"\" \/><input type=\"hidden\" name=\"_wpcf7_recaptcha_response\" value=\"\" \/>\n<\/fieldset>\n<p>Your name\n<\/p>\n<p><span class=\"wpcf7-form-control-wrap\" data-name=\"your-name\"><input size=\"40\" maxlength=\"400\" class=\"wpcf7-form-control wpcf7-text wpcf7-validates-as-required\" aria-required=\"true\" aria-invalid=\"false\" value=\"\" type=\"text\" name=\"your-name\" \/><\/span>\n<\/p>\n<p>Phone number\n<\/p>\n<p><span class=\"wpcf7-form-control-wrap\" data-name=\"telefoonnummer\"><input size=\"40\" maxlength=\"400\" class=\"wpcf7-form-control wpcf7-text\" aria-invalid=\"false\" value=\"\" type=\"text\" name=\"telefoonnummer\" \/><\/span>\n<\/p>\n<p>Your email address\n<\/p>\n<p><span class=\"wpcf7-form-control-wrap\" data-name=\"your-email\"><input size=\"40\" maxlength=\"400\" class=\"wpcf7-form-control wpcf7-email wpcf7-validates-as-required wpcf7-text wpcf7-validates-as-email\" aria-required=\"true\" aria-invalid=\"false\" value=\"\" type=\"email\" name=\"your-email\" \/><\/span>\n<\/p>\n<p>Your message\n<\/p>\n<p><span class=\"wpcf7-form-control-wrap\" data-name=\"your-message\"><textarea cols=\"40\" rows=\"10\" maxlength=\"2000\" class=\"wpcf7-form-control wpcf7-textarea\" aria-invalid=\"false\" name=\"your-message\"><\/textarea><\/span>\n<\/p>\n\n<p style=\"text-align: right;\"><input class=\"wpcf7-form-control wpcf7-submit has-spinner\" type=\"submit\" value=\"Send\" \/>\n<\/p><div class=\"wpcf7-response-output\" aria-hidden=\"true\"><\/div>\n<\/form>\n<\/div>\n<div data-original-height=\"40\" class=\"vc_empty_space\"  style=\"height: 40px\" >\n\t<span class=\"vc_empty_space_inner\"><\/span><\/div>\n<\/div><\/div><\/div><\/div><\/div>\n","protected":false},"excerpt":{"rendered":"Schl\u00fcsseldienst Amsterdam Schl\u00fcssel Service Airbnb Amsterdam Bewertung: &#9733;&#9733;&#9733;&#9733;&#9733; 4.6 basierend auf 140 bewertungen. 5 1 Anonymous Sind Sie nicht in der Lage, die Schl\u00fcssel Ihrer Mietwohnung an Ihre G\u00e4ste zu \u00fcbergeben? Machen Sie es sich bequem und nutzen Sie den Lockerpoint (Airbnb) Schl\u00fcsselservice in Amsterdam. Wir bieten eine einfache und sichere Schl\u00fcssel\u00fcbergabe zwischen Ihnen und Ihren Mietern zu sehr g\u00fcnstigen Tarifen. Einfache, sichere und g\u00fcnstige Schl\u00fcssel\u00fcbergabe in Amsterdam Lockerpoint verf\u00fcgt \u00fcber zentral gelegene und gesicherte Standorte in der N\u00e4he von Touristenorten wie dem Amsterdamer Hauptbahnhof. Sie mieten bei uns einen...","protected":false},"author":1,"featured_media":3141,"parent":0,"menu_order":0,"comment_status":"closed","ping_status":"closed","template":"","meta":{"footnotes":""},"class_list":["post-30688","page","type-page","status-publish","has-post-thumbnail","hentry"],"yoast_head":"<!-- This site is optimized with the Yoast SEO plugin v27.4 - https:\/\/yoast.com\/product\/yoast-seo-wordpress\/ -->\n<title>Schl\u00fcsselservice Airbnb Amsterdam | Schl\u00fcssel\u00fcbergabe Lockerpoint<\/title>\n<meta name=\"description\" content=\"Wir sorgen f\u00fcr eine einfache und sichere Schl\u00fcssel\u00fcbergabe zwischen Ihnen und Ihren Mietern zu sehr g\u00fcnstigen Konditionen. Nutzen Sie unseren Schl\u00fcsselservice. Eine einfache, sichere und g\u00fcnstige Schl\u00fcssel\u00fcbergabe in Amsterdam. Sie m\u00fcssen Ihren G\u00e4sten nur den Standort und den Pincode von Lockerpoint mitteilen, um eine sichere Schl\u00fcssel\u00fcbergabe zu gew\u00e4hrleisten.\" \/>\n<meta name=\"robots\" content=\"index, follow, max-snippet:-1, max-image-preview:large, max-video-preview:-1\" \/>\n<link rel=\"canonical\" href=\"https:\/\/www.lockerpoint.com\/de\/schluessel-service-airbnb-amsterdam\/\" \/>\n<meta property=\"og:locale\" content=\"de_DE\" \/>\n<meta property=\"og:type\" content=\"article\" \/>\n<meta property=\"og:title\" content=\"Schl\u00fcsselservice Airbnb Amsterdam | Schl\u00fcssel\u00fcbergabe Lockerpoint\" \/>\n<meta property=\"og:description\" content=\"Wir sorgen f\u00fcr eine einfache und sichere Schl\u00fcssel\u00fcbergabe zwischen Ihnen und Ihren Mietern zu sehr g\u00fcnstigen Konditionen. Nutzen Sie unseren Schl\u00fcsselservice. Eine einfache, sichere und g\u00fcnstige Schl\u00fcssel\u00fcbergabe in Amsterdam. Sie m\u00fcssen Ihren G\u00e4sten nur den Standort und den Pincode von Lockerpoint mitteilen, um eine sichere Schl\u00fcssel\u00fcbergabe zu gew\u00e4hrleisten.\" \/>\n<meta property=\"og:url\" content=\"https:\/\/www.lockerpoint.com\/de\/schluessel-service-airbnb-amsterdam\/\" \/>\n<meta property=\"og:site_name\" content=\"Lockerpoint.com\" \/>\n<meta property=\"article:publisher\" content=\"https:\/\/www.facebook.com\/pages\/category\/Product-Service\/Lockerpointcom-1771311219606964\/\" \/>\n<meta property=\"article:modified_time\" content=\"2026-01-07T09:15:47+00:00\" \/>\n<meta property=\"og:image\" content=\"https:\/\/www.lockerpoint.com\/wp-content\/uploads\/sleutelkluis-amsterdam.jpg\" \/>\n\t<meta property=\"og:image:width\" content=\"960\" \/>\n\t<meta property=\"og:image:height\" content=\"640\" \/>\n\t<meta property=\"og:image:type\" content=\"image\/jpeg\" \/>\n<meta name=\"twitter:card\" content=\"summary_large_image\" \/>\n<meta name=\"twitter:label1\" content=\"Gesch\u00e4tzte Lesezeit\" \/>\n\t<meta name=\"twitter:data1\" content=\"2\u00a0Minuten\" \/>\n<!-- \/ Yoast SEO plugin. -->","yoast_head_json":{"title":"Schl\u00fcsselservice Airbnb Amsterdam | Schl\u00fcssel\u00fcbergabe Lockerpoint","description":"Wir sorgen f\u00fcr eine einfache und sichere Schl\u00fcssel\u00fcbergabe zwischen Ihnen und Ihren Mietern zu sehr g\u00fcnstigen Konditionen. Nutzen Sie unseren Schl\u00fcsselservice. Eine einfache, sichere und g\u00fcnstige Schl\u00fcssel\u00fcbergabe in Amsterdam. Sie m\u00fcssen Ihren G\u00e4sten nur den Standort und den Pincode von Lockerpoint mitteilen, um eine sichere Schl\u00fcssel\u00fcbergabe zu gew\u00e4hrleisten.","robots":{"index":"index","follow":"follow","max-snippet":"max-snippet:-1","max-image-preview":"max-image-preview:large","max-video-preview":"max-video-preview:-1"},"canonical":"https:\/\/www.lockerpoint.com\/de\/schluessel-service-airbnb-amsterdam\/","og_locale":"de_DE","og_type":"article","og_title":"Schl\u00fcsselservice Airbnb Amsterdam | Schl\u00fcssel\u00fcbergabe Lockerpoint","og_description":"Wir sorgen f\u00fcr eine einfache und sichere Schl\u00fcssel\u00fcbergabe zwischen Ihnen und Ihren Mietern zu sehr g\u00fcnstigen Konditionen. Nutzen Sie unseren Schl\u00fcsselservice. Eine einfache, sichere und g\u00fcnstige Schl\u00fcssel\u00fcbergabe in Amsterdam. Sie m\u00fcssen Ihren G\u00e4sten nur den Standort und den Pincode von Lockerpoint mitteilen, um eine sichere Schl\u00fcssel\u00fcbergabe zu gew\u00e4hrleisten.","og_url":"https:\/\/www.lockerpoint.com\/de\/schluessel-service-airbnb-amsterdam\/","og_site_name":"Lockerpoint.com","article_publisher":"https:\/\/www.facebook.com\/pages\/category\/Product-Service\/Lockerpointcom-1771311219606964\/","article_modified_time":"2026-01-07T09:15:47+00:00","og_image":[{"width":960,"height":640,"url":"https:\/\/www.lockerpoint.com\/wp-content\/uploads\/sleutelkluis-amsterdam.jpg","type":"image\/jpeg"}],"twitter_card":"summary_large_image","twitter_misc":{"Gesch\u00e4tzte Lesezeit":"2\u00a0Minuten"},"schema":{"@context":"https:\/\/schema.org","@graph":[{"@type":"WebPage","@id":"https:\/\/www.lockerpoint.com\/de\/schluessel-service-airbnb-amsterdam\/","url":"https:\/\/www.lockerpoint.com\/de\/schluessel-service-airbnb-amsterdam\/","name":"Schl\u00fcsselservice Airbnb Amsterdam | Schl\u00fcssel\u00fcbergabe Lockerpoint","isPartOf":{"@id":"https:\/\/www.lockerpoint.com\/de\/#website"},"primaryImageOfPage":{"@id":"https:\/\/www.lockerpoint.com\/de\/schluessel-service-airbnb-amsterdam\/#primaryimage"},"image":{"@id":"https:\/\/www.lockerpoint.com\/de\/schluessel-service-airbnb-amsterdam\/#primaryimage"},"thumbnailUrl":"https:\/\/www.lockerpoint.com\/wp-content\/uploads\/sleutelkluis-amsterdam.jpg","datePublished":"2026-01-07T09:15:42+00:00","dateModified":"2026-01-07T09:15:47+00:00","description":"Wir sorgen f\u00fcr eine einfache und sichere Schl\u00fcssel\u00fcbergabe zwischen Ihnen und Ihren Mietern zu sehr g\u00fcnstigen Konditionen. Nutzen Sie unseren Schl\u00fcsselservice. Eine einfache, sichere und g\u00fcnstige Schl\u00fcssel\u00fcbergabe in Amsterdam. Sie m\u00fcssen Ihren G\u00e4sten nur den Standort und den Pincode von Lockerpoint mitteilen, um eine sichere Schl\u00fcssel\u00fcbergabe zu gew\u00e4hrleisten.","breadcrumb":{"@id":"https:\/\/www.lockerpoint.com\/de\/schluessel-service-airbnb-amsterdam\/#breadcrumb"},"inLanguage":"de","potentialAction":[{"@type":"ReadAction","target":["https:\/\/www.lockerpoint.com\/de\/schluessel-service-airbnb-amsterdam\/"]}]},{"@type":"ImageObject","inLanguage":"de","@id":"https:\/\/www.lockerpoint.com\/de\/schluessel-service-airbnb-amsterdam\/#primaryimage","url":"https:\/\/www.lockerpoint.com\/wp-content\/uploads\/sleutelkluis-amsterdam.jpg","contentUrl":"https:\/\/www.lockerpoint.com\/wp-content\/uploads\/sleutelkluis-amsterdam.jpg","width":960,"height":640,"caption":"Golden Key Gold Security Key Close"},{"@type":"BreadcrumbList","@id":"https:\/\/www.lockerpoint.com\/de\/schluessel-service-airbnb-amsterdam\/#breadcrumb","itemListElement":[{"@type":"ListItem","position":1,"name":"Home","item":"https:\/\/www.lockerpoint.com\/de\/"},{"@type":"ListItem","position":2,"name":"Schl\u00fcssel Service Airbnb Amsterdam"}]},{"@type":"WebSite","@id":"https:\/\/www.lockerpoint.com\/de\/#website","url":"https:\/\/www.lockerpoint.com\/de\/","name":"Lockerpoint.com","description":"lockerpoint.com","potentialAction":[{"@type":"SearchAction","target":{"@type":"EntryPoint","urlTemplate":"https:\/\/www.lockerpoint.com\/de\/?s={search_term_string}"},"query-input":{"@type":"PropertyValueSpecification","valueRequired":true,"valueName":"search_term_string"}}],"inLanguage":"de"}]}},"_links":{"self":[{"href":"https:\/\/www.lockerpoint.com\/de\/wp-json\/wp\/v2\/pages\/30688","targetHints":{"allow":["GET"]}}],"collection":[{"href":"https:\/\/www.lockerpoint.com\/de\/wp-json\/wp\/v2\/pages"}],"about":[{"href":"https:\/\/www.lockerpoint.com\/de\/wp-json\/wp\/v2\/types\/page"}],"author":[{"embeddable":true,"href":"https:\/\/www.lockerpoint.com\/de\/wp-json\/wp\/v2\/users\/1"}],"replies":[{"embeddable":true,"href":"https:\/\/www.lockerpoint.com\/de\/wp-json\/wp\/v2\/comments?post=30688"}],"version-history":[{"count":5,"href":"https:\/\/www.lockerpoint.com\/de\/wp-json\/wp\/v2\/pages\/30688\/revisions"}],"predecessor-version":[{"id":30698,"href":"https:\/\/www.lockerpoint.com\/de\/wp-json\/wp\/v2\/pages\/30688\/revisions\/30698"}],"wp:featuredmedia":[{"embeddable":true,"href":"https:\/\/www.lockerpoint.com\/de\/wp-json\/wp\/v2\/media\/3141"}],"wp:attachment":[{"href":"https:\/\/www.lockerpoint.com\/de\/wp-json\/wp\/v2\/media?parent=30688"}],"curies":[{"name":"wp","href":"https:\/\/api.w.org\/{rel}","templated":true}]}}