{"id":1732,"date":"2017-12-19T18:43:56","date_gmt":"2017-12-19T18:43:56","guid":{"rendered":"https:\/\/www.lockerpoint.com\/?page_id=1732"},"modified":"2017-12-19T18:49:32","modified_gmt":"2017-12-19T18:49:32","slug":"contact-us","status":"publish","type":"page","link":"https:\/\/www.lockerpoint.com\/es\/contacto\/","title":{"rendered":"Contact us"},"content":{"rendered":"<div class=\"vc_row wpb_row vc_row-fluid mkdf-section mkdf-content-aligment-left\" style=\"\"><div class=\"clearfix mkdf-full-section-inner\"><div class=\"wpb_column vc_column_container vc_col-sm-8\"><div class=\"vc_column-inner\"><div class=\"wpb_wrapper\"><div class=\"mkdf-separator-holder clearfix  mkdf-separator-center\">\n\t<div class=\"mkdf-separator\" ><\/div>\n<\/div>\n\n\t<div class=\"wpb_text_column wpb_content_element \" >\n\t\t<div class=\"wpb_wrapper\">\n\t\t\t<h2>Formulario de contacto<\/h2>\n\n\t\t<\/div>\n\t<\/div>\n\n\t<div class=\"wpb_text_column wpb_content_element \" >\n\t\t<div class=\"wpb_wrapper\">\n\t\t\t<p>Cont\u00e1ctenos y rellene el siguiente formulario o llame al +31 20 2218920 para hablar con uno de nuestros empleados.<\/p>\n\n\t\t<\/div>\n\t<\/div>\n<div class=\"mkdf-separator-holder clearfix  mkdf-separator-center\">\n\t<div class=\"mkdf-separator\" ><\/div>\n<\/div>\n\n<div class=\"wpcf7 no-js\" id=\"wpcf7-f1702-o1\" lang=\"en-US\" dir=\"ltr\" data-wpcf7-id=\"1702\">\n<div class=\"screen-reader-response\"><p role=\"status\" aria-live=\"polite\" aria-atomic=\"true\"><\/p> <ul><\/ul><\/div>\n<form action=\"\/es\/wp-json\/wp\/v2\/pages\/1732#wpcf7-f1702-o1\" method=\"post\" class=\"wpcf7-form init cf7_custom_style_1\" aria-label=\"Contact form\" novalidate=\"novalidate\" data-status=\"init\">\n<fieldset class=\"hidden-fields-container\"><input type=\"hidden\" name=\"_wpcf7\" value=\"1702\" \/><input type=\"hidden\" name=\"_wpcf7_version\" value=\"6.1.5\" \/><input type=\"hidden\" name=\"_wpcf7_locale\" value=\"en_US\" \/><input type=\"hidden\" name=\"_wpcf7_unit_tag\" value=\"wpcf7-f1702-o1\" \/><input type=\"hidden\" name=\"_wpcf7_container_post\" value=\"0\" \/><input type=\"hidden\" name=\"_wpcf7_posted_data_hash\" value=\"\" \/><input type=\"hidden\" name=\"_wpcf7_recaptcha_response\" value=\"\" \/>\n<\/fieldset>\n<p>Nombre y apellidos\n<\/p>\n<p><span class=\"wpcf7-form-control-wrap\" data-name=\"your-name\"><input size=\"40\" maxlength=\"400\" class=\"wpcf7-form-control wpcf7-text wpcf7-validates-as-required\" aria-required=\"true\" aria-invalid=\"false\" value=\"\" type=\"text\" name=\"your-name\" \/><\/span>\n<\/p>\n<p>N\u00famero de tel\u00e9fono\n<\/p>\n<p><span class=\"wpcf7-form-control-wrap\" data-name=\"telefoonnummer\"><input size=\"40\" maxlength=\"400\" class=\"wpcf7-form-control wpcf7-text\" aria-invalid=\"false\" value=\"\" type=\"text\" name=\"telefoonnummer\" \/><\/span>\n<\/p>\n<p>Tu correo electr\u00f3nico\n<\/p>\n<p><span class=\"wpcf7-form-control-wrap\" data-name=\"your-email\"><input size=\"40\" maxlength=\"400\" class=\"wpcf7-form-control wpcf7-email wpcf7-validates-as-required wpcf7-text wpcf7-validates-as-email\" aria-required=\"true\" aria-invalid=\"false\" value=\"\" type=\"email\" name=\"your-email\" \/><\/span>\n<\/p>\n<p><br \/>\nTu mensaje\n<\/p>\n<p><span class=\"wpcf7-form-control-wrap\" data-name=\"your-message\"><textarea cols=\"40\" rows=\"10\" maxlength=\"2000\" class=\"wpcf7-form-control wpcf7-textarea\" aria-invalid=\"false\" name=\"your-message\"><\/textarea><\/span>\n<\/p>\n\n<p style=\"text-align: right;\"><input class=\"wpcf7-form-control wpcf7-submit has-spinner\" type=\"submit\" value=\"Enviar\" \/>\n<\/p><div class=\"wpcf7-response-output\" aria-hidden=\"true\"><\/div>\n<\/form>\n<\/div>\n<\/div><\/div><\/div><div class=\"wpb_column vc_column_container vc_col-sm-4\"><div class=\"vc_column-inner\"><div class=\"wpb_wrapper\"><\/div><\/div><\/div><\/div><\/div>\n","protected":false},"excerpt":{"rendered":"Formulario de contacto Cont\u00e1ctenos y rellene el siguiente formulario o llame al +31 20 2218920 para hablar con uno de nuestros empleados. Nombre y apellidos N\u00famero de tel\u00e9fono Tu correo electr\u00f3nico Tu mensaje","protected":false},"author":1,"featured_media":0,"parent":0,"menu_order":12,"comment_status":"closed","ping_status":"closed","template":"","meta":{"footnotes":""},"class_list":["post-1732","page","type-page","status-publish","hentry"],"yoast_head":"<!-- This site is optimized with the Yoast SEO plugin v27.3 - https:\/\/yoast.com\/product\/yoast-seo-wordpress\/ -->\n<title>Contact us &#8226; Lockerpoint.com<\/title>\n<meta name=\"robots\" content=\"index, follow, max-snippet:-1, max-image-preview:large, max-video-preview:-1\" \/>\n<link rel=\"canonical\" href=\"https:\/\/www.lockerpoint.com\/es\/contacto\/\" \/>\n<meta property=\"og:locale\" content=\"es_ES\" \/>\n<meta property=\"og:type\" content=\"article\" \/>\n<meta property=\"og:title\" content=\"Contact us &#8226; Lockerpoint.com\" \/>\n<meta property=\"og:url\" content=\"https:\/\/www.lockerpoint.com\/es\/contacto\/\" \/>\n<meta property=\"og:site_name\" content=\"Lockerpoint.com\" \/>\n<meta property=\"article:publisher\" content=\"https:\/\/www.facebook.com\/pages\/category\/Product-Service\/Lockerpointcom-1771311219606964\/\" \/>\n<meta property=\"article:modified_time\" content=\"2017-12-19T18:49:32+00:00\" \/>\n<meta name=\"twitter:card\" content=\"summary_large_image\" \/>\n<!-- \/ Yoast SEO plugin. -->","yoast_head_json":{"title":"Contact us &#8226; Lockerpoint.com","robots":{"index":"index","follow":"follow","max-snippet":"max-snippet:-1","max-image-preview":"max-image-preview:large","max-video-preview":"max-video-preview:-1"},"canonical":"https:\/\/www.lockerpoint.com\/es\/contacto\/","og_locale":"es_ES","og_type":"article","og_title":"Contact us &#8226; Lockerpoint.com","og_url":"https:\/\/www.lockerpoint.com\/es\/contacto\/","og_site_name":"Lockerpoint.com","article_publisher":"https:\/\/www.facebook.com\/pages\/category\/Product-Service\/Lockerpointcom-1771311219606964\/","article_modified_time":"2017-12-19T18:49:32+00:00","twitter_card":"summary_large_image","schema":{"@context":"https:\/\/schema.org","@graph":[{"@type":"WebPage","@id":"https:\/\/www.lockerpoint.com\/es\/contacto\/","url":"https:\/\/www.lockerpoint.com\/es\/contacto\/","name":"Contact us &#8226; Lockerpoint.com","isPartOf":{"@id":"https:\/\/www.lockerpoint.com\/es\/#website"},"datePublished":"2017-12-19T18:43:56+00:00","dateModified":"2017-12-19T18:49:32+00:00","breadcrumb":{"@id":"https:\/\/www.lockerpoint.com\/es\/contacto\/#breadcrumb"},"inLanguage":"es","potentialAction":[{"@type":"ReadAction","target":["https:\/\/www.lockerpoint.com\/es\/contacto\/"]}]},{"@type":"BreadcrumbList","@id":"https:\/\/www.lockerpoint.com\/es\/contacto\/#breadcrumb","itemListElement":[{"@type":"ListItem","position":1,"name":"Home","item":"https:\/\/www.lockerpoint.com\/es\/"},{"@type":"ListItem","position":2,"name":"Contact us"}]},{"@type":"WebSite","@id":"https:\/\/www.lockerpoint.com\/es\/#website","url":"https:\/\/www.lockerpoint.com\/es\/","name":"Lockerpoint.com","description":"lockerpoint.com","potentialAction":[{"@type":"SearchAction","target":{"@type":"EntryPoint","urlTemplate":"https:\/\/www.lockerpoint.com\/es\/?s={search_term_string}"},"query-input":{"@type":"PropertyValueSpecification","valueRequired":true,"valueName":"search_term_string"}}],"inLanguage":"es"}]}},"_links":{"self":[{"href":"https:\/\/www.lockerpoint.com\/es\/wp-json\/wp\/v2\/pages\/1732","targetHints":{"allow":["GET"]}}],"collection":[{"href":"https:\/\/www.lockerpoint.com\/es\/wp-json\/wp\/v2\/pages"}],"about":[{"href":"https:\/\/www.lockerpoint.com\/es\/wp-json\/wp\/v2\/types\/page"}],"author":[{"embeddable":true,"href":"https:\/\/www.lockerpoint.com\/es\/wp-json\/wp\/v2\/users\/1"}],"replies":[{"embeddable":true,"href":"https:\/\/www.lockerpoint.com\/es\/wp-json\/wp\/v2\/comments?post=1732"}],"version-history":[{"count":0,"href":"https:\/\/www.lockerpoint.com\/es\/wp-json\/wp\/v2\/pages\/1732\/revisions"}],"wp:attachment":[{"href":"https:\/\/www.lockerpoint.com\/es\/wp-json\/wp\/v2\/media?parent=1732"}],"curies":[{"name":"wp","href":"https:\/\/api.w.org\/{rel}","templated":true}]}}