{"id":30670,"date":"2026-01-07T09:00:33","date_gmt":"2026-01-07T09:00:33","guid":{"rendered":"https:\/\/www.lockerpoint.com\/consigna-de-equipaje-en-manchester\/"},"modified":"2026-01-07T09:00:33","modified_gmt":"2026-01-07T09:00:33","slug":"consigna-de-equipaje-en-manchester","status":"publish","type":"page","link":"https:\/\/www.lockerpoint.com\/es\/consigna-de-equipaje-en-manchester\/","title":{"rendered":"Consigna de equipaje en M\u00e1nchester"},"content":{"rendered":"<h2><strong>Consigna de equipaje en M\u00e1nchester (pr\u00f3ximamente)<\/strong><\/h2>\n<p>M\u00e1nchester es una ciudad din\u00e1mica conocida por su ambiente cultural, sus distritos comerciales, sus universidades y sus grandes eventos deportivos. Los visitantes suelen llegar temprano o salir tarde, lo que puede generar la necesidad de una consigna de equipaje flexible. Lockerpoint est\u00e1 explorando la posibilidad de introducir su soluci\u00f3n de consigna de equipaje en M\u00e1nchester. Lockerpoint a\u00fan no opera en la ciudad, pero se est\u00e1n llevando a cabo los preparativos iniciales que podr\u00edan conducir a un posible lanzamiento en el futuro. Esta p\u00e1gina sirve como una descripci\u00f3n general informativa y se actualizar\u00e1 a medida que se desarrollen los planes.    <\/p>\n<h2>Consigna de equipaje dise\u00f1ada para viajes urbanos<\/h2>\n<p>Lockerpoint ofrece una consigna de equipaje segura que se adapta a los viajes urbanos modernos. En lugar de cargar con bolsas por calles concurridas o guardar el equipaje en lugares inseguros, los viajeros pueden guardar de forma segura sus pertenencias en una taquilla de Lockerpoint, lo que les permite continuar su d\u00eda sin preocupaciones. <\/p>\n<p>Lockerpoint es adecuado para:<br \/>\n\u2022 viajeros entre las horas de entrada y salida del alojamiento<br \/>\n\u2022 visitantes que exploran la ciudad antes de continuar su viaje<\/p>\n<h2>D\u00f3nde estamos ahora<\/h2>\n<p>Lockerpoint est\u00e1 evaluando actualmente M\u00e1nchester como parte de sus planes de expansi\u00f3n. Nuestro enfoque est\u00e1 en:<br \/>\n\u2022 seleccionar ubicaciones c\u00e9ntricas y de f\u00e1cil acceso<br \/>\n\u2022 construir asociaciones con empresas locales y propietarios <\/p>\n<p>Se compartir\u00e1n las actualizaciones una vez que la consigna de equipaje de Lockerpoint est\u00e9 disponible en M\u00e1nchester.<\/p>\n<h2>As\u00f3ciese con Lockerpoint u ofrezca una ubicaci\u00f3n<\/h2>\n<p>\u00bfEs usted propietario o administrador de una propiedad en M\u00e1nchester y ve la oportunidad de albergar taquillas de equipaje de Lockerpoint? \u00bfO est\u00e1 interesado en asociarse con Lockerpoint para ayudar a los viajeros en la ciudad? Agradecemos las conversaciones con socios locales que deseen explorar oportunidades de colaboraci\u00f3n. P\u00f3ngase en contacto con nosotros a trav\u00e9s del <strong><a href=\"https:\/\/www.lockerpoint.com\/es\/contacto\/\">formulario de contacto<\/a><\/strong>.   <\/p>\n<h2>Crecimiento en todas las ciudades<\/h2>\n<p>M\u00e1nchester es una de las varias ciudades que se est\u00e1n considerando como parte del crecimiento internacional de Lockerpoint. Nuestro objetivo es facilitar los viajes urbanos ofreciendo una consigna de equipaje segura y flexible en los lugares donde los viajeros m\u00e1s la necesitan. <\/p>\n","protected":false},"excerpt":{"rendered":"<p>Consigna de equipaje en M\u00e1nchester (pr\u00f3ximamente) M\u00e1nchester es una ciudad din\u00e1mica conocida por su ambiente cultural, sus distritos comerciales, sus universidades y sus grandes eventos deportivos. Los visitantes suelen llegar temprano o salir tarde, lo que puede generar la necesidad de una consigna de equipaje flexible. Lockerpoint est\u00e1 explorando la posibilidad de introducir su soluci\u00f3n de consigna de equipaje en M\u00e1nchester. Lockerpoint a\u00fan no opera en la ciudad, pero se est\u00e1n llevando a cabo los preparativos iniciales que podr\u00edan conducir a un posible lanzamiento en el futuro. Esta p\u00e1gina sirve&#8230;<\/p>\n","protected":false},"author":1,"featured_media":0,"parent":0,"menu_order":0,"comment_status":"closed","ping_status":"closed","template":"","meta":{"footnotes":""},"class_list":["post-30670","page","type-page","status-publish","hentry"],"yoast_head":"<!-- This site is optimized with the Yoast SEO plugin v27.4 - https:\/\/yoast.com\/product\/yoast-seo-wordpress\/ -->\n<title>Consigna de equipaje en M\u00e1nchester &#8226; Lockerpoint.com<\/title>\n<meta name=\"robots\" content=\"index, follow, max-snippet:-1, max-image-preview:large, max-video-preview:-1\" \/>\n<link rel=\"canonical\" href=\"https:\/\/www.lockerpoint.com\/es\/consigna-de-equipaje-en-manchester\/\" \/>\n<meta property=\"og:locale\" content=\"es_ES\" \/>\n<meta property=\"og:type\" content=\"article\" \/>\n<meta property=\"og:title\" content=\"Consigna de equipaje en M\u00e1nchester &#8226; Lockerpoint.com\" \/>\n<meta property=\"og:description\" content=\"Consigna de equipaje en M\u00e1nchester (pr\u00f3ximamente) M\u00e1nchester es una ciudad din\u00e1mica conocida por su ambiente cultural, sus distritos comerciales, sus universidades y sus grandes eventos deportivos. Los visitantes suelen llegar temprano o salir tarde, lo que puede generar la necesidad de una consigna de equipaje flexible. Lockerpoint est\u00e1 explorando la posibilidad de introducir su soluci\u00f3n de consigna de equipaje en M\u00e1nchester. Lockerpoint a\u00fan no opera en la ciudad, pero se est\u00e1n llevando a cabo los preparativos iniciales que podr\u00edan conducir a un posible lanzamiento en el futuro. Esta p\u00e1gina sirve...\" \/>\n<meta property=\"og:url\" content=\"https:\/\/www.lockerpoint.com\/es\/consigna-de-equipaje-en-manchester\/\" \/>\n<meta property=\"og:site_name\" content=\"Lockerpoint.com\" \/>\n<meta property=\"article:publisher\" content=\"https:\/\/www.facebook.com\/pages\/category\/Product-Service\/Lockerpointcom-1771311219606964\/\" \/>\n<meta name=\"twitter:card\" content=\"summary_large_image\" \/>\n<meta name=\"twitter:label1\" content=\"Tiempo de lectura\" \/>\n\t<meta name=\"twitter:data1\" content=\"2 minutos\" \/>\n<!-- \/ Yoast SEO plugin. -->","yoast_head_json":{"title":"Consigna de equipaje en M\u00e1nchester &#8226; Lockerpoint.com","robots":{"index":"index","follow":"follow","max-snippet":"max-snippet:-1","max-image-preview":"max-image-preview:large","max-video-preview":"max-video-preview:-1"},"canonical":"https:\/\/www.lockerpoint.com\/es\/consigna-de-equipaje-en-manchester\/","og_locale":"es_ES","og_type":"article","og_title":"Consigna de equipaje en M\u00e1nchester &#8226; Lockerpoint.com","og_description":"Consigna de equipaje en M\u00e1nchester (pr\u00f3ximamente) M\u00e1nchester es una ciudad din\u00e1mica conocida por su ambiente cultural, sus distritos comerciales, sus universidades y sus grandes eventos deportivos. Los visitantes suelen llegar temprano o salir tarde, lo que puede generar la necesidad de una consigna de equipaje flexible. Lockerpoint est\u00e1 explorando la posibilidad de introducir su soluci\u00f3n de consigna de equipaje en M\u00e1nchester. Lockerpoint a\u00fan no opera en la ciudad, pero se est\u00e1n llevando a cabo los preparativos iniciales que podr\u00edan conducir a un posible lanzamiento en el futuro. Esta p\u00e1gina sirve...","og_url":"https:\/\/www.lockerpoint.com\/es\/consigna-de-equipaje-en-manchester\/","og_site_name":"Lockerpoint.com","article_publisher":"https:\/\/www.facebook.com\/pages\/category\/Product-Service\/Lockerpointcom-1771311219606964\/","twitter_card":"summary_large_image","twitter_misc":{"Tiempo de lectura":"2 minutos"},"schema":{"@context":"https:\/\/schema.org","@graph":[{"@type":"WebPage","@id":"https:\/\/www.lockerpoint.com\/es\/consigna-de-equipaje-en-manchester\/","url":"https:\/\/www.lockerpoint.com\/es\/consigna-de-equipaje-en-manchester\/","name":"Consigna de equipaje en M\u00e1nchester &#8226; Lockerpoint.com","isPartOf":{"@id":"https:\/\/www.lockerpoint.com\/es\/#website"},"datePublished":"2026-01-07T09:00:33+00:00","breadcrumb":{"@id":"https:\/\/www.lockerpoint.com\/es\/consigna-de-equipaje-en-manchester\/#breadcrumb"},"inLanguage":"es","potentialAction":[{"@type":"ReadAction","target":["https:\/\/www.lockerpoint.com\/es\/consigna-de-equipaje-en-manchester\/"]}]},{"@type":"BreadcrumbList","@id":"https:\/\/www.lockerpoint.com\/es\/consigna-de-equipaje-en-manchester\/#breadcrumb","itemListElement":[{"@type":"ListItem","position":1,"name":"Home","item":"https:\/\/www.lockerpoint.com\/es\/"},{"@type":"ListItem","position":2,"name":"Consigna de equipaje en M\u00e1nchester"}]},{"@type":"WebSite","@id":"https:\/\/www.lockerpoint.com\/es\/#website","url":"https:\/\/www.lockerpoint.com\/es\/","name":"Lockerpoint.com","description":"lockerpoint.com","potentialAction":[{"@type":"SearchAction","target":{"@type":"EntryPoint","urlTemplate":"https:\/\/www.lockerpoint.com\/es\/?s={search_term_string}"},"query-input":{"@type":"PropertyValueSpecification","valueRequired":true,"valueName":"search_term_string"}}],"inLanguage":"es"}]}},"_links":{"self":[{"href":"https:\/\/www.lockerpoint.com\/es\/wp-json\/wp\/v2\/pages\/30670","targetHints":{"allow":["GET"]}}],"collection":[{"href":"https:\/\/www.lockerpoint.com\/es\/wp-json\/wp\/v2\/pages"}],"about":[{"href":"https:\/\/www.lockerpoint.com\/es\/wp-json\/wp\/v2\/types\/page"}],"author":[{"embeddable":true,"href":"https:\/\/www.lockerpoint.com\/es\/wp-json\/wp\/v2\/users\/1"}],"replies":[{"embeddable":true,"href":"https:\/\/www.lockerpoint.com\/es\/wp-json\/wp\/v2\/comments?post=30670"}],"version-history":[{"count":0,"href":"https:\/\/www.lockerpoint.com\/es\/wp-json\/wp\/v2\/pages\/30670\/revisions"}],"wp:attachment":[{"href":"https:\/\/www.lockerpoint.com\/es\/wp-json\/wp\/v2\/media?parent=30670"}],"curies":[{"name":"wp","href":"https:\/\/api.w.org\/{rel}","templated":true}]}}