{"id":30700,"date":"2026-01-07T09:16:20","date_gmt":"2026-01-07T09:16:20","guid":{"rendered":"https:\/\/www.lockerpoint.com\/servicio-clave-airbnb-amsterdam\/"},"modified":"2026-01-07T09:16:31","modified_gmt":"2026-01-07T09:16:31","slug":"servicio-clave-airbnb-amsterdam","status":"publish","type":"page","link":"https:\/\/www.lockerpoint.com\/es\/servicio-clave-airbnb-amsterdam\/","title":{"rendered":"Servicio clave Airbnb Amsterdam"},"content":{"rendered":"<div class=\"vc_row wpb_row vc_row-fluid mkdf-section mkdf-content-aligment-left\" style=\"\"><div class=\"clearfix mkdf-full-section-inner\"><div class=\"wpb_column vc_column_container vc_col-sm-12\"><div class=\"vc_column-inner\"><div class=\"wpb_wrapper\">\n\t<div class=\"wpb_text_column wpb_content_element \" >\n\t\t<div class=\"wpb_wrapper\">\n\t\t\t<h1>Servicio de llaves \u00c1msterdam<\/h1>\n\n\t\t<\/div>\n\t<\/div>\n\n\t<div class=\"wpb_text_column wpb_content_element \" >\n\t\t<div class=\"wpb_wrapper\">\n\t\t\t<p><a href=\"https:\/\/www.lockerpoint.com\/reviews-eng\/\">\t\t<div itemscope itemtype=\"http:\/\/schema.org\/Organization\">\n\t\t\t<span itemprop=\"name\" style=\"display:none\">Servicio clave Airbnb Amsterdam<\/span>\n\t\t\t\t\t\tCalificaci\u00f3n:\t\t\t<span itemprop=\"aggregateRating\" itemscope itemtype=\"http:\/\/schema.org\/AggregateRating\">\n\t\t\t\t<span class=\"stars\">\n\t\t\t\t\t&#9733;&#9733;&#9733;&#9733;&#9733;\t\t\t\t<\/span>\n\t\t\t\t<span class=\"rating\" itemprop=\"ratingValue\" style=\"display: none !important;\">\n\t\t\t\t\t4.6\t\t\t\t<\/span> basado en\t\t\t\t<span class=\"votes\" itemprop=\"reviewCount\">\n\t\t\t\t\t140\t\t\t\t<\/span> comentarios.\t\t\t\t<div style=\"display:none\">\n\t\t\t\t\t<span itemprop=\"bestRating\">5<\/span>\n\t\t\t\t\t<span itemprop=\"worstRating\">1<\/span>\n\t\t\t\t<\/div>\n\t\t\t<\/span>\n\t\t\t<div itemprop=\"review\" itemscope itemtype=\"http:\/\/schema.org\/Review\">\n\t\t\t\t<span itemprop=\"author\" itemscope itemtype=\"https:\/\/schema.org\/Person\" style=\"display: none;\">\n\t\t\t\t\t<span itemprop=\"name\">Anonymous<\/span>\n\t\t\t\t<\/span>\n\t\t\t<\/div>\n\t\t<\/div>\n\t\t\t<style>\n\t\t.stars, .rr_star {\n\t\t\tcolor: #ffaf00;\n\t\t}\n\t<\/style>\n\t<\/a><\/p>\n\n\t\t<\/div>\n\t<\/div>\n\n\t<div class=\"wpb_text_column wpb_content_element \" >\n\t\t<div class=\"wpb_wrapper\">\n\t\t\t<p>\u00bfNo puedes entregar las llaves de tu piso de alquiler a tus hu\u00e9spedes? Ponte c\u00f3modo y utiliza el servicio de llaves Lockerpoint (Airbnb) en \u00c1msterdam. Realizamos una entrega de llaves sencilla y segura entre t\u00fa y tus inquilinos a precios muy ventajosos.<\/p>\n\n\t\t<\/div>\n\t<\/div>\n<div data-mkdf-parallax-speed=\"1\" class=\"vc_row wpb_row vc_inner vc_row-fluid mkdf-section mkdf-content-aligment-left\" style=\"\"><div class=\"mkdf-full-section-inner\"><div class=\"wpb_column vc_column_container vc_col-sm-6\"><div class=\"vc_column-inner\"><div class=\"wpb_wrapper\">\n\t<div class=\"wpb_text_column wpb_content_element \" >\n\t\t<div class=\"wpb_wrapper\">\n\t\t\t<h2>Punto de entrega de llaves sencillo, seguro y barato en \u00c1msterdam<\/h2>\n<p>Lockerpoint tiene locales c\u00e9ntricos y seguros cerca de lugares tur\u00edsticos como la Estaci\u00f3n Central de \u00c1msterdam. Alquilas con nosotros una caja fuerte con llave que tiene un c\u00f3digo pin, y ah\u00ed es donde colocas las llaves. S\u00f3lo tienes que comunicar la ubicaci\u00f3n de Lockerpoint y el c\u00f3digo pin a tus invitados para que la entrega de llaves sea segura. Si lo deseas, tus invitados pueden, por supuesto, dejar la llave en la caja fuerte.<\/p>\n\n\t\t<\/div>\n\t<\/div>\n<\/div><\/div><\/div><div class=\"wpb_column vc_column_container vc_col-sm-6\"><div class=\"vc_column-inner\"><div class=\"wpb_wrapper\"><div data-original-height=\"15\" class=\"vc_empty_space\"  style=\"height: 15px\" >\n\t<span class=\"vc_empty_space_inner\"><\/span><\/div>\n\n\t<div  class=\"wpb_single_image wpb_content_element vc_align_center\">\n\t\t\n\t\t<figure class=\"wpb_wrapper vc_figure\">\n\t\t\t<div class=\"vc_single_image-wrapper   vc_box_border_grey\"><img decoding=\"async\" width=\"300\" height=\"200\" src=\"https:\/\/www.lockerpoint.com\/wp-content\/uploads\/sleutelkluis-amsterdam-300x200.jpg\" class=\"vc_single_image-img attachment-medium\" alt=\"\" title=\"Golden Key Gold Security Key Close\" srcset=\"https:\/\/www.lockerpoint.com\/wp-content\/uploads\/sleutelkluis-amsterdam-300x200.jpg 300w, https:\/\/www.lockerpoint.com\/wp-content\/uploads\/sleutelkluis-amsterdam-768x512.jpg 768w, https:\/\/www.lockerpoint.com\/wp-content\/uploads\/sleutelkluis-amsterdam.jpg 960w\" sizes=\"(max-width: 300px) 100vw, 300px\" \/><\/div>\n\t\t<\/figure>\n\t<\/div>\n<\/div><\/div><\/div><\/div><\/div><\/div><\/div><\/div><\/div><\/div><div class=\"vc_row wpb_row vc_row-fluid mkdf-section mkdf-content-aligment-left\" style=\"\"><div class=\"clearfix mkdf-full-section-inner\"><div class=\"wpb_column vc_column_container vc_col-sm-12\"><div class=\"vc_column-inner\"><div class=\"wpb_wrapper\">\n\t<div class=\"wpb_text_column wpb_content_element \" >\n\t\t<div class=\"wpb_wrapper\">\n\t\t\t<h2>Servicio extra para tus invitados<\/h2>\n<p>En nuestros locales Lockerpoint encontrar\u00e1s grandes consignas de equipaje que tus hu\u00e9spedes pueden alquilar al principio o al final de la estancia. As\u00ed podr\u00e1n disfrutar de su estancia en \u00c1msterdam sin tener que cargar con todo el equipaje acumulado. <\/p>\n<h2>\u00bfPreguntas sobre nuestro servicio de llaves?<\/h2>\n<p>\u00bfTienes preguntas o peticiones especiales? Ponte en contacto con nosotros mediante el siguiente formulario o llama a nuestro servicio de atenci\u00f3n al cliente. Estaremos encantados de ayudarte con cualquier problema que puedas tener. Nuestro principal objetivo es tener clientes satisfechos.<\/p>\n\n\t\t<\/div>\n\t<\/div>\n<\/div><\/div><\/div><\/div><\/div><div class=\"vc_row wpb_row vc_row-fluid mkdf-section mkdf-content-aligment-left\" style=\"\"><div class=\"clearfix mkdf-full-section-inner\"><div class=\"wpb_column vc_column_container vc_col-sm-12\"><div class=\"vc_column-inner\"><div class=\"wpb_wrapper\"><div data-original-height=\"40\" class=\"vc_empty_space\"  style=\"height: 40px\" >\n\t<span class=\"vc_empty_space_inner\"><\/span><\/div>\n\n\t<div class=\"wpb_text_column wpb_content_element \" >\n\t\t<div class=\"wpb_wrapper\">\n\t\t\t<h3>Formulario de contacto<\/h3>\n\n\t\t<\/div>\n\t<\/div>\n<div data-original-height=\"40\" class=\"vc_empty_space\"  style=\"height: 40px\" >\n\t<span class=\"vc_empty_space_inner\"><\/span><\/div>\n\n<div class=\"wpcf7 no-js\" id=\"wpcf7-f3167-o1\" lang=\"en-US\" dir=\"ltr\" data-wpcf7-id=\"3167\">\n<div class=\"screen-reader-response\"><p role=\"status\" aria-live=\"polite\" aria-atomic=\"true\"><\/p> <ul><\/ul><\/div>\n<form action=\"\/es\/wp-json\/wp\/v2\/pages\/30700#wpcf7-f3167-o1\" method=\"post\" class=\"wpcf7-form init\" aria-label=\"Contact form\" novalidate=\"novalidate\" data-status=\"init\">\n<fieldset class=\"hidden-fields-container\"><input type=\"hidden\" name=\"_wpcf7\" value=\"3167\" \/><input type=\"hidden\" name=\"_wpcf7_version\" value=\"6.1.5\" \/><input type=\"hidden\" name=\"_wpcf7_locale\" value=\"en_US\" \/><input type=\"hidden\" name=\"_wpcf7_unit_tag\" value=\"wpcf7-f3167-o1\" \/><input type=\"hidden\" name=\"_wpcf7_container_post\" value=\"0\" \/><input type=\"hidden\" name=\"_wpcf7_posted_data_hash\" value=\"\" \/><input type=\"hidden\" name=\"_wpcf7_recaptcha_response\" value=\"\" \/>\n<\/fieldset>\n<p>Your name\n<\/p>\n<p><span class=\"wpcf7-form-control-wrap\" data-name=\"your-name\"><input size=\"40\" maxlength=\"400\" class=\"wpcf7-form-control wpcf7-text wpcf7-validates-as-required\" aria-required=\"true\" aria-invalid=\"false\" value=\"\" type=\"text\" name=\"your-name\" \/><\/span>\n<\/p>\n<p>Phone number\n<\/p>\n<p><span class=\"wpcf7-form-control-wrap\" data-name=\"telefoonnummer\"><input size=\"40\" maxlength=\"400\" class=\"wpcf7-form-control wpcf7-text\" aria-invalid=\"false\" value=\"\" type=\"text\" name=\"telefoonnummer\" \/><\/span>\n<\/p>\n<p>Your email address\n<\/p>\n<p><span class=\"wpcf7-form-control-wrap\" data-name=\"your-email\"><input size=\"40\" maxlength=\"400\" class=\"wpcf7-form-control wpcf7-email wpcf7-validates-as-required wpcf7-text wpcf7-validates-as-email\" aria-required=\"true\" aria-invalid=\"false\" value=\"\" type=\"email\" name=\"your-email\" \/><\/span>\n<\/p>\n<p>Your message\n<\/p>\n<p><span class=\"wpcf7-form-control-wrap\" data-name=\"your-message\"><textarea cols=\"40\" rows=\"10\" maxlength=\"2000\" class=\"wpcf7-form-control wpcf7-textarea\" aria-invalid=\"false\" name=\"your-message\"><\/textarea><\/span>\n<\/p>\n\n<p style=\"text-align: right;\"><input class=\"wpcf7-form-control wpcf7-submit has-spinner\" type=\"submit\" value=\"Send\" \/>\n<\/p><div class=\"wpcf7-response-output\" aria-hidden=\"true\"><\/div>\n<\/form>\n<\/div>\n<div data-original-height=\"40\" class=\"vc_empty_space\"  style=\"height: 40px\" >\n\t<span class=\"vc_empty_space_inner\"><\/span><\/div>\n<\/div><\/div><\/div><\/div><\/div>\n","protected":false},"excerpt":{"rendered":"Servicio de llaves \u00c1msterdam Servicio clave Airbnb Amsterdam Calificaci\u00f3n: &#9733;&#9733;&#9733;&#9733;&#9733; 4.6 basado en 140 comentarios. 5 1 Anonymous \u00bfNo puedes entregar las llaves de tu piso de alquiler a tus hu\u00e9spedes? Ponte c\u00f3modo y utiliza el servicio de llaves Lockerpoint (Airbnb) en \u00c1msterdam. Realizamos una entrega de llaves sencilla y segura entre t\u00fa y tus inquilinos a precios muy ventajosos. Punto de entrega de llaves sencillo, seguro y barato en \u00c1msterdam Lockerpoint tiene locales c\u00e9ntricos y seguros cerca de lugares tur\u00edsticos como la Estaci\u00f3n Central de \u00c1msterdam. Alquilas con nosotros...","protected":false},"author":1,"featured_media":3144,"parent":0,"menu_order":0,"comment_status":"closed","ping_status":"closed","template":"","meta":{"footnotes":""},"class_list":["post-30700","page","type-page","status-publish","has-post-thumbnail","hentry"],"yoast_head":"<!-- This site is optimized with the Yoast SEO plugin v27.4 - https:\/\/yoast.com\/product\/yoast-seo-wordpress\/ -->\n<title>Keyservice Airbnb Amsterdam | Entrega de llaves Lockerpoint<\/title>\n<meta name=\"description\" content=\"Proporcionamos una transferencia de llaves sencilla y segura entre t\u00fa y tus inquilinos a precios muy favorables. Utiliza nuestro servicio de llaves. Un punto de entrega de llaves sencillo, seguro y barato en \u00c1msterdam. S\u00f3lo tienes que comunicar a tus hu\u00e9spedes la ubicaci\u00f3n y el c\u00f3digo pin de Lockerpoint para que la entrega de llaves sea segura.\" \/>\n<meta name=\"robots\" content=\"index, follow, max-snippet:-1, max-image-preview:large, max-video-preview:-1\" \/>\n<link rel=\"canonical\" href=\"https:\/\/www.lockerpoint.com\/es\/servicio-clave-airbnb-amsterdam\/\" \/>\n<meta property=\"og:locale\" content=\"es_ES\" \/>\n<meta property=\"og:type\" content=\"article\" \/>\n<meta property=\"og:title\" content=\"Keyservice Airbnb Amsterdam | Entrega de llaves Lockerpoint\" \/>\n<meta property=\"og:description\" content=\"Proporcionamos una transferencia de llaves sencilla y segura entre t\u00fa y tus inquilinos a precios muy favorables. Utiliza nuestro servicio de llaves. Un punto de entrega de llaves sencillo, seguro y barato en \u00c1msterdam. S\u00f3lo tienes que comunicar a tus hu\u00e9spedes la ubicaci\u00f3n y el c\u00f3digo pin de Lockerpoint para que la entrega de llaves sea segura.\" \/>\n<meta property=\"og:url\" content=\"https:\/\/www.lockerpoint.com\/es\/servicio-clave-airbnb-amsterdam\/\" \/>\n<meta property=\"og:site_name\" content=\"Lockerpoint.com\" \/>\n<meta property=\"article:publisher\" content=\"https:\/\/www.facebook.com\/pages\/category\/Product-Service\/Lockerpointcom-1771311219606964\/\" \/>\n<meta property=\"article:modified_time\" content=\"2026-01-07T09:16:31+00:00\" \/>\n<meta property=\"og:image\" content=\"https:\/\/www.lockerpoint.com\/wp-content\/uploads\/sleutelkluis-amsterdam.jpg\" \/>\n\t<meta property=\"og:image:width\" content=\"960\" \/>\n\t<meta property=\"og:image:height\" content=\"640\" \/>\n\t<meta property=\"og:image:type\" content=\"image\/jpeg\" \/>\n<meta name=\"twitter:card\" content=\"summary_large_image\" \/>\n<meta name=\"twitter:label1\" content=\"Tiempo de lectura\" \/>\n\t<meta name=\"twitter:data1\" content=\"2 minutos\" \/>\n<!-- \/ Yoast SEO plugin. -->","yoast_head_json":{"title":"Keyservice Airbnb Amsterdam | Entrega de llaves Lockerpoint","description":"Proporcionamos una transferencia de llaves sencilla y segura entre t\u00fa y tus inquilinos a precios muy favorables. Utiliza nuestro servicio de llaves. Un punto de entrega de llaves sencillo, seguro y barato en \u00c1msterdam. S\u00f3lo tienes que comunicar a tus hu\u00e9spedes la ubicaci\u00f3n y el c\u00f3digo pin de Lockerpoint para que la entrega de llaves sea segura.","robots":{"index":"index","follow":"follow","max-snippet":"max-snippet:-1","max-image-preview":"max-image-preview:large","max-video-preview":"max-video-preview:-1"},"canonical":"https:\/\/www.lockerpoint.com\/es\/servicio-clave-airbnb-amsterdam\/","og_locale":"es_ES","og_type":"article","og_title":"Keyservice Airbnb Amsterdam | Entrega de llaves Lockerpoint","og_description":"Proporcionamos una transferencia de llaves sencilla y segura entre t\u00fa y tus inquilinos a precios muy favorables. Utiliza nuestro servicio de llaves. Un punto de entrega de llaves sencillo, seguro y barato en \u00c1msterdam. S\u00f3lo tienes que comunicar a tus hu\u00e9spedes la ubicaci\u00f3n y el c\u00f3digo pin de Lockerpoint para que la entrega de llaves sea segura.","og_url":"https:\/\/www.lockerpoint.com\/es\/servicio-clave-airbnb-amsterdam\/","og_site_name":"Lockerpoint.com","article_publisher":"https:\/\/www.facebook.com\/pages\/category\/Product-Service\/Lockerpointcom-1771311219606964\/","article_modified_time":"2026-01-07T09:16:31+00:00","og_image":[{"width":960,"height":640,"url":"https:\/\/www.lockerpoint.com\/wp-content\/uploads\/sleutelkluis-amsterdam.jpg","type":"image\/jpeg"}],"twitter_card":"summary_large_image","twitter_misc":{"Tiempo de lectura":"2 minutos"},"schema":{"@context":"https:\/\/schema.org","@graph":[{"@type":"WebPage","@id":"https:\/\/www.lockerpoint.com\/es\/servicio-clave-airbnb-amsterdam\/","url":"https:\/\/www.lockerpoint.com\/es\/servicio-clave-airbnb-amsterdam\/","name":"Keyservice Airbnb Amsterdam | Entrega de llaves Lockerpoint","isPartOf":{"@id":"https:\/\/www.lockerpoint.com\/es\/#website"},"primaryImageOfPage":{"@id":"https:\/\/www.lockerpoint.com\/es\/servicio-clave-airbnb-amsterdam\/#primaryimage"},"image":{"@id":"https:\/\/www.lockerpoint.com\/es\/servicio-clave-airbnb-amsterdam\/#primaryimage"},"thumbnailUrl":"https:\/\/www.lockerpoint.com\/wp-content\/uploads\/sleutelkluis-amsterdam.jpg","datePublished":"2026-01-07T09:16:20+00:00","dateModified":"2026-01-07T09:16:31+00:00","description":"Proporcionamos una transferencia de llaves sencilla y segura entre t\u00fa y tus inquilinos a precios muy favorables. Utiliza nuestro servicio de llaves. Un punto de entrega de llaves sencillo, seguro y barato en \u00c1msterdam. S\u00f3lo tienes que comunicar a tus hu\u00e9spedes la ubicaci\u00f3n y el c\u00f3digo pin de Lockerpoint para que la entrega de llaves sea segura.","breadcrumb":{"@id":"https:\/\/www.lockerpoint.com\/es\/servicio-clave-airbnb-amsterdam\/#breadcrumb"},"inLanguage":"es","potentialAction":[{"@type":"ReadAction","target":["https:\/\/www.lockerpoint.com\/es\/servicio-clave-airbnb-amsterdam\/"]}]},{"@type":"ImageObject","inLanguage":"es","@id":"https:\/\/www.lockerpoint.com\/es\/servicio-clave-airbnb-amsterdam\/#primaryimage","url":"https:\/\/www.lockerpoint.com\/wp-content\/uploads\/sleutelkluis-amsterdam.jpg","contentUrl":"https:\/\/www.lockerpoint.com\/wp-content\/uploads\/sleutelkluis-amsterdam.jpg","width":960,"height":640,"caption":"Golden Key Gold Security Key Close"},{"@type":"BreadcrumbList","@id":"https:\/\/www.lockerpoint.com\/es\/servicio-clave-airbnb-amsterdam\/#breadcrumb","itemListElement":[{"@type":"ListItem","position":1,"name":"Home","item":"https:\/\/www.lockerpoint.com\/es\/"},{"@type":"ListItem","position":2,"name":"Servicio clave Airbnb Amsterdam"}]},{"@type":"WebSite","@id":"https:\/\/www.lockerpoint.com\/es\/#website","url":"https:\/\/www.lockerpoint.com\/es\/","name":"Lockerpoint.com","description":"lockerpoint.com","potentialAction":[{"@type":"SearchAction","target":{"@type":"EntryPoint","urlTemplate":"https:\/\/www.lockerpoint.com\/es\/?s={search_term_string}"},"query-input":{"@type":"PropertyValueSpecification","valueRequired":true,"valueName":"search_term_string"}}],"inLanguage":"es"}]}},"_links":{"self":[{"href":"https:\/\/www.lockerpoint.com\/es\/wp-json\/wp\/v2\/pages\/30700","targetHints":{"allow":["GET"]}}],"collection":[{"href":"https:\/\/www.lockerpoint.com\/es\/wp-json\/wp\/v2\/pages"}],"about":[{"href":"https:\/\/www.lockerpoint.com\/es\/wp-json\/wp\/v2\/types\/page"}],"author":[{"embeddable":true,"href":"https:\/\/www.lockerpoint.com\/es\/wp-json\/wp\/v2\/users\/1"}],"replies":[{"embeddable":true,"href":"https:\/\/www.lockerpoint.com\/es\/wp-json\/wp\/v2\/comments?post=30700"}],"version-history":[{"count":7,"href":"https:\/\/www.lockerpoint.com\/es\/wp-json\/wp\/v2\/pages\/30700\/revisions"}],"predecessor-version":[{"id":30718,"href":"https:\/\/www.lockerpoint.com\/es\/wp-json\/wp\/v2\/pages\/30700\/revisions\/30718"}],"wp:featuredmedia":[{"embeddable":true,"href":"https:\/\/www.lockerpoint.com\/es\/wp-json\/wp\/v2\/media\/3144"}],"wp:attachment":[{"href":"https:\/\/www.lockerpoint.com\/es\/wp-json\/wp\/v2\/media?parent=30700"}],"curies":[{"name":"wp","href":"https:\/\/api.w.org\/{rel}","templated":true}]}}