{"id":30674,"date":"2026-01-07T09:03:28","date_gmt":"2026-01-07T09:03:28","guid":{"rendered":"https:\/\/www.lockerpoint.com\/consigne-a-bagages-lockerpoint-a-paris\/"},"modified":"2026-01-07T09:12:44","modified_gmt":"2026-01-07T09:12:44","slug":"consigne-a-bagages-lockerpoint-a-paris","status":"publish","type":"page","link":"https:\/\/www.lockerpoint.com\/fr\/consigne-a-bagages-paris\/","title":{"rendered":"Consigne \u00e0 bagages Lockerpoint \u00e0 Paris"},"content":{"rendered":"<h2>Consigne \u00e0 bagages \u00e0 Paris (bient\u00f4t disponible)<\/h2>\n<p>Paris est l&rsquo;une des villes les plus visit\u00e9es au monde, avec des millions de voyageurs qui arrivent chaque ann\u00e9e en avion, en train et s\u00e9journent \u00e0 l&rsquo;h\u00f4tel. Certains visiteurs peuvent avoir besoin d&rsquo;un endroit s\u00fbr pour stocker leurs bagages pendant une courte p\u00e9riode. Lockerpoint envisage la possibilit\u00e9 de proposer un service de consigne \u00e0 bagages \u00e0 Paris. Le service n&rsquo;est pas encore disponible dans la ville, mais les premiers pr\u00e9paratifs sont en cours. Cette page est uniquement \u00e0 titre d&rsquo;information et peut \u00eatre mise \u00e0 jour \u00e0 mesure que les plans progressent.<\/p>\n<h2>Qu&rsquo;est-ce que la consigne \u00e0 bagages Lockerpoint\u00a0?<\/h2>\n<p>Lockerpoint propose une consigne \u00e0 bagages s\u00e9curis\u00e9e et facilement accessible \u00e0 des emplacements strat\u00e9giques dans toute la ville. Les voyageurs peuvent stocker en toute s\u00e9curit\u00e9 des valises, des sacs ou des sacs \u00e0 dos et profiter de Paris sans transporter leurs bagages.<\/p>\n<p>Notre consigne \u00e0 bagages est id\u00e9ale pour\u00a0:<br \/>\n\u2022\u00a0les touristes arrivant t\u00f4t ou partant tard<br \/>\n\u2022\u00a0les visiteurs de la ville qui souhaitent explorer les mains libres<\/p>\n<h2>Pourquoi une consigne \u00e0 bagages \u00e0 Paris\u00a0?<\/h2>\n<p>Paris a une forte concentration d&rsquo;h\u00f4tels, d&rsquo;h\u00e9bergements de courte dur\u00e9e et de visiteurs internationaux. Un grand nombre de voyageurs arrivent et partent quotidiennement en train, en avion et en bus.<\/p>\n<p>Une consigne \u00e0 bagages fiable contribue \u00e0\u00a0:<br \/>\n\u2022\u00a0donner plus de libert\u00e9 aux voyageurs<br \/>\n\u2022\u00a0r\u00e9duire la pression sur les h\u00f4tels et les h\u00e9bergements<br \/>\n\u2022\u00a0assurer la s\u00e9curit\u00e9 des lieux (par exemple, les mus\u00e9es)<br \/>\n\u2022\u00a0am\u00e9liorer l&rsquo;exp\u00e9rience de voyage globale<\/p>\n<h2>Statut actuel<\/h2>\n<p>Lockerpoint est actuellement en phase de pr\u00e9paration pour Paris. Cela comprend\u00a0:<br \/>\n\u2022\u00a0l&rsquo;identification d&#8217;emplacements appropri\u00e9s<br \/>\n\u2022\u00a0l&rsquo;exploration de partenariats avec des entreprises locales<\/p>\n<p>Cette page sera mise \u00e0 jour une fois que Lockerpoint sera disponible \u00e0 Paris.<\/p>\n<h2>Int\u00e9ress\u00e9 par un partenariat ou par la proposition d&rsquo;un emplacement\u00a0?<\/h2>\n<p>\u00cates-vous propri\u00e9taire d&rsquo;une entreprise, gestionnaire immobilier ou propri\u00e9taire int\u00e9ress\u00e9 \u00e0 travailler ensemble\u00a0? Ou avez-vous un emplacement \u00e0 Paris o\u00f9 des casiers \u00e0 bagages Lockerpoint pourraient \u00eatre install\u00e9s, par exemple pr\u00e8s d&rsquo;une gare, d&rsquo;un h\u00f4tel, d&rsquo;un magasin ou d&rsquo;un point chaud touristique\u00a0? Nous serions heureux d&rsquo;explorer les possibilit\u00e9s avec vous. Contactez-nous via le <strong><a href=\"https:\/\/www.lockerpoint.com\/fr\/contact\/\">formulaire de contact<\/a><\/strong>.<\/p>\n<h2>Expansion internationale<\/h2>\n<p>Paris fait partie des plans de croissance internationale de Lockerpoint. Nous nous concentrons sur les grandes villes o\u00f9 un stockage de bagages s\u00e9curis\u00e9 et flexible cr\u00e9e une valeur claire pour les voyageurs et les partenaires locaux.<\/p>\n","protected":false},"excerpt":{"rendered":"<p>Consigne \u00e0 bagages \u00e0 Paris (bient\u00f4t disponible) Paris est l&rsquo;une des villes les plus visit\u00e9es au monde, avec des millions de voyageurs qui arrivent chaque ann\u00e9e en avion, en train et s\u00e9journent \u00e0 l&rsquo;h\u00f4tel. Certains visiteurs peuvent avoir besoin d&rsquo;un endroit s\u00fbr pour stocker leurs bagages pendant une courte p\u00e9riode. Lockerpoint envisage la possibilit\u00e9 de proposer un service de consigne \u00e0 bagages \u00e0 Paris. Le service n&rsquo;est pas encore disponible dans la ville, mais les premiers pr\u00e9paratifs sont en cours. Cette page est uniquement \u00e0 titre d&rsquo;information et peut \u00eatre&#8230;<\/p>\n","protected":false},"author":1,"featured_media":0,"parent":0,"menu_order":0,"comment_status":"closed","ping_status":"closed","template":"","meta":{"footnotes":""},"class_list":["post-30674","page","type-page","status-publish","hentry"],"yoast_head":"<!-- This site is optimized with the Yoast SEO plugin v27.4 - https:\/\/yoast.com\/product\/yoast-seo-wordpress\/ -->\n<title>Consigne \u00e0 bagages Lockerpoint \u00e0 Paris &#8226; Lockerpoint.com<\/title>\n<meta name=\"robots\" content=\"index, follow, max-snippet:-1, max-image-preview:large, max-video-preview:-1\" \/>\n<link rel=\"canonical\" href=\"https:\/\/www.lockerpoint.com\/fr\/consigne-a-bagages-paris\/\" \/>\n<meta property=\"og:locale\" content=\"fr_FR\" \/>\n<meta property=\"og:type\" content=\"article\" \/>\n<meta property=\"og:title\" content=\"Consigne \u00e0 bagages Lockerpoint \u00e0 Paris &#8226; Lockerpoint.com\" \/>\n<meta property=\"og:description\" content=\"Consigne \u00e0 bagages \u00e0 Paris (bient\u00f4t disponible) Paris est l&rsquo;une des villes les plus visit\u00e9es au monde, avec des millions de voyageurs qui arrivent chaque ann\u00e9e en avion, en train et s\u00e9journent \u00e0 l&rsquo;h\u00f4tel. Certains visiteurs peuvent avoir besoin d&rsquo;un endroit s\u00fbr pour stocker leurs bagages pendant une courte p\u00e9riode. Lockerpoint envisage la possibilit\u00e9 de proposer un service de consigne \u00e0 bagages \u00e0 Paris. Le service n&rsquo;est pas encore disponible dans la ville, mais les premiers pr\u00e9paratifs sont en cours. Cette page est uniquement \u00e0 titre d&rsquo;information et peut \u00eatre...\" \/>\n<meta property=\"og:url\" content=\"https:\/\/www.lockerpoint.com\/fr\/consigne-a-bagages-paris\/\" \/>\n<meta property=\"og:site_name\" content=\"Lockerpoint.com\" \/>\n<meta property=\"article:publisher\" content=\"https:\/\/www.facebook.com\/pages\/category\/Product-Service\/Lockerpointcom-1771311219606964\/\" \/>\n<meta property=\"article:modified_time\" content=\"2026-01-07T09:12:44+00:00\" \/>\n<meta name=\"twitter:card\" content=\"summary_large_image\" \/>\n<meta name=\"twitter:label1\" content=\"Dur\u00e9e de lecture estim\u00e9e\" \/>\n\t<meta name=\"twitter:data1\" content=\"2 minutes\" \/>\n<!-- \/ Yoast SEO plugin. -->","yoast_head_json":{"title":"Consigne \u00e0 bagages Lockerpoint \u00e0 Paris &#8226; Lockerpoint.com","robots":{"index":"index","follow":"follow","max-snippet":"max-snippet:-1","max-image-preview":"max-image-preview:large","max-video-preview":"max-video-preview:-1"},"canonical":"https:\/\/www.lockerpoint.com\/fr\/consigne-a-bagages-paris\/","og_locale":"fr_FR","og_type":"article","og_title":"Consigne \u00e0 bagages Lockerpoint \u00e0 Paris &#8226; Lockerpoint.com","og_description":"Consigne \u00e0 bagages \u00e0 Paris (bient\u00f4t disponible) Paris est l&rsquo;une des villes les plus visit\u00e9es au monde, avec des millions de voyageurs qui arrivent chaque ann\u00e9e en avion, en train et s\u00e9journent \u00e0 l&rsquo;h\u00f4tel. Certains visiteurs peuvent avoir besoin d&rsquo;un endroit s\u00fbr pour stocker leurs bagages pendant une courte p\u00e9riode. Lockerpoint envisage la possibilit\u00e9 de proposer un service de consigne \u00e0 bagages \u00e0 Paris. Le service n&rsquo;est pas encore disponible dans la ville, mais les premiers pr\u00e9paratifs sont en cours. Cette page est uniquement \u00e0 titre d&rsquo;information et peut \u00eatre...","og_url":"https:\/\/www.lockerpoint.com\/fr\/consigne-a-bagages-paris\/","og_site_name":"Lockerpoint.com","article_publisher":"https:\/\/www.facebook.com\/pages\/category\/Product-Service\/Lockerpointcom-1771311219606964\/","article_modified_time":"2026-01-07T09:12:44+00:00","twitter_card":"summary_large_image","twitter_misc":{"Dur\u00e9e de lecture estim\u00e9e":"2 minutes"},"schema":{"@context":"https:\/\/schema.org","@graph":[{"@type":"WebPage","@id":"https:\/\/www.lockerpoint.com\/fr\/consigne-a-bagages-paris\/","url":"https:\/\/www.lockerpoint.com\/fr\/consigne-a-bagages-paris\/","name":"Consigne \u00e0 bagages Lockerpoint \u00e0 Paris &#8226; Lockerpoint.com","isPartOf":{"@id":"https:\/\/www.lockerpoint.com\/fr\/#website"},"datePublished":"2026-01-07T09:03:28+00:00","dateModified":"2026-01-07T09:12:44+00:00","breadcrumb":{"@id":"https:\/\/www.lockerpoint.com\/fr\/consigne-a-bagages-paris\/#breadcrumb"},"inLanguage":"fr-FR","potentialAction":[{"@type":"ReadAction","target":["https:\/\/www.lockerpoint.com\/fr\/consigne-a-bagages-paris\/"]}]},{"@type":"BreadcrumbList","@id":"https:\/\/www.lockerpoint.com\/fr\/consigne-a-bagages-paris\/#breadcrumb","itemListElement":[{"@type":"ListItem","position":1,"name":"Home","item":"https:\/\/www.lockerpoint.com\/fr\/"},{"@type":"ListItem","position":2,"name":"Consigne \u00e0 bagages Lockerpoint \u00e0 Paris"}]},{"@type":"WebSite","@id":"https:\/\/www.lockerpoint.com\/fr\/#website","url":"https:\/\/www.lockerpoint.com\/fr\/","name":"Lockerpoint.com","description":"lockerpoint.com","potentialAction":[{"@type":"SearchAction","target":{"@type":"EntryPoint","urlTemplate":"https:\/\/www.lockerpoint.com\/fr\/?s={search_term_string}"},"query-input":{"@type":"PropertyValueSpecification","valueRequired":true,"valueName":"search_term_string"}}],"inLanguage":"fr-FR"}]}},"_links":{"self":[{"href":"https:\/\/www.lockerpoint.com\/fr\/wp-json\/wp\/v2\/pages\/30674","targetHints":{"allow":["GET"]}}],"collection":[{"href":"https:\/\/www.lockerpoint.com\/fr\/wp-json\/wp\/v2\/pages"}],"about":[{"href":"https:\/\/www.lockerpoint.com\/fr\/wp-json\/wp\/v2\/types\/page"}],"author":[{"embeddable":true,"href":"https:\/\/www.lockerpoint.com\/fr\/wp-json\/wp\/v2\/users\/1"}],"replies":[{"embeddable":true,"href":"https:\/\/www.lockerpoint.com\/fr\/wp-json\/wp\/v2\/comments?post=30674"}],"version-history":[{"count":1,"href":"https:\/\/www.lockerpoint.com\/fr\/wp-json\/wp\/v2\/pages\/30674\/revisions"}],"predecessor-version":[{"id":30687,"href":"https:\/\/www.lockerpoint.com\/fr\/wp-json\/wp\/v2\/pages\/30674\/revisions\/30687"}],"wp:attachment":[{"href":"https:\/\/www.lockerpoint.com\/fr\/wp-json\/wp\/v2\/media?parent=30674"}],"curies":[{"name":"wp","href":"https:\/\/api.w.org\/{rel}","templated":true}]}}