{"id":30692,"date":"2026-01-07T09:15:44","date_gmt":"2026-01-07T09:15:44","guid":{"rendered":"https:\/\/www.lockerpoint.com\/service-cle-airbnb-amsterdam\/"},"modified":"2026-01-07T09:15:47","modified_gmt":"2026-01-07T09:15:47","slug":"service-cle-airbnb-amsterdam","status":"publish","type":"page","link":"https:\/\/www.lockerpoint.com\/fr\/service-cle-airbnb-amsterdam\/","title":{"rendered":"Service cl\u00e9 Airbnb Amsterdam"},"content":{"rendered":"<div class=\"vc_row wpb_row vc_row-fluid mkdf-section mkdf-content-aligment-left\" style=\"\"><div class=\"clearfix mkdf-full-section-inner\"><div class=\"wpb_column vc_column_container vc_col-sm-12\"><div class=\"vc_column-inner\"><div class=\"wpb_wrapper\">\n\t<div class=\"wpb_text_column wpb_content_element \" >\n\t\t<div class=\"wpb_wrapper\">\n\t\t\t<h1>Key Service Amsterdam<\/h1>\n\n\t\t<\/div>\n\t<\/div>\n\n\t<div class=\"wpb_text_column wpb_content_element \" >\n\t\t<div class=\"wpb_wrapper\">\n\t\t\t<p><a href=\"https:\/\/www.lockerpoint.com\/reviews-eng\/\">\t\t<div itemscope itemtype=\"http:\/\/schema.org\/Organization\">\n\t\t\t<span itemprop=\"name\" style=\"display:none\">Service cl\u00e9 Airbnb Amsterdam<\/span>\n\t\t\t\t\t\t\u00c9valuation:\t\t\t<span itemprop=\"aggregateRating\" itemscope itemtype=\"http:\/\/schema.org\/AggregateRating\">\n\t\t\t\t<span class=\"stars\">\n\t\t\t\t\t&#9733;&#9733;&#9733;&#9733;&#9733;\t\t\t\t<\/span>\n\t\t\t\t<span class=\"rating\" itemprop=\"ratingValue\" style=\"display: none !important;\">\n\t\t\t\t\t4.6\t\t\t\t<\/span> bas\u00e9 sur\t\t\t\t<span class=\"votes\" itemprop=\"reviewCount\">\n\t\t\t\t\t140\t\t\t\t<\/span> commentaires.\t\t\t\t<div style=\"display:none\">\n\t\t\t\t\t<span itemprop=\"bestRating\">5<\/span>\n\t\t\t\t\t<span itemprop=\"worstRating\">1<\/span>\n\t\t\t\t<\/div>\n\t\t\t<\/span>\n\t\t\t<div itemprop=\"review\" itemscope itemtype=\"http:\/\/schema.org\/Review\">\n\t\t\t\t<span itemprop=\"author\" itemscope itemtype=\"https:\/\/schema.org\/Person\" style=\"display: none;\">\n\t\t\t\t\t<span itemprop=\"name\">Anonymous<\/span>\n\t\t\t\t<\/span>\n\t\t\t<\/div>\n\t\t<\/div>\n\t\t\t<style>\n\t\t.stars, .rr_star {\n\t\t\tcolor: #ffaf00;\n\t\t}\n\t<\/style>\n\t<\/a><\/p>\n\n\t\t<\/div>\n\t<\/div>\n\n\t<div class=\"wpb_text_column wpb_content_element \" >\n\t\t<div class=\"wpb_wrapper\">\n\t\t\t<p>Vous n&rsquo;\u00eates pas en mesure de remettre les cl\u00e9s de votre appartement \u00e0 vos invit\u00e9s ? Mettez-vous \u00e0 l&rsquo;aise et utilisez le service de cl\u00e9s Lockerpoint (Airbnb) \u00e0 Amsterdam. Nous assurons un transfert de cl\u00e9s simple et s\u00fbr entre vous et vos locataires \u00e0 des tarifs tr\u00e8s avantageux.<\/p>\n\n\t\t<\/div>\n\t<\/div>\n<div data-mkdf-parallax-speed=\"1\" class=\"vc_row wpb_row vc_inner vc_row-fluid mkdf-section mkdf-content-aligment-left\" style=\"\"><div class=\"mkdf-full-section-inner\"><div class=\"wpb_column vc_column_container vc_col-sm-6\"><div class=\"vc_column-inner\"><div class=\"wpb_wrapper\">\n\t<div class=\"wpb_text_column wpb_content_element \" >\n\t\t<div class=\"wpb_wrapper\">\n\t\t\t<h2>Point de d\u00e9p\u00f4t de cl\u00e9s simple, s\u00fbr et bon march\u00e9 \u00e0 Amsterdam<\/h2>\n<p>Lockerpoint dispose d&#8217;emplacements centraux et s\u00e9curis\u00e9s \u00e0 proximit\u00e9 de lieux touristiques tels que la gare centrale d&rsquo;Amsterdam. Vous louez chez nous un coffre-fort \u00e0 cl\u00e9s avec un code pin, et c&rsquo;est l\u00e0 que vous placez les cl\u00e9s. Il vous suffit de communiquer l&#8217;emplacement et le code pin de Lockerpoint \u00e0 vos invit\u00e9s pour que le transfert des cl\u00e9s se fasse en toute s\u00e9curit\u00e9. Si vous le souhaitez, vos invit\u00e9s peuvent bien s\u00fbr laisser la cl\u00e9 dans le coffre-fort.<\/p>\n\n\t\t<\/div>\n\t<\/div>\n<\/div><\/div><\/div><div class=\"wpb_column vc_column_container vc_col-sm-6\"><div class=\"vc_column-inner\"><div class=\"wpb_wrapper\"><div data-original-height=\"15\" class=\"vc_empty_space\"  style=\"height: 15px\" >\n\t<span class=\"vc_empty_space_inner\"><\/span><\/div>\n\n\t<div  class=\"wpb_single_image wpb_content_element vc_align_center\">\n\t\t\n\t\t<figure class=\"wpb_wrapper vc_figure\">\n\t\t\t<div class=\"vc_single_image-wrapper   vc_box_border_grey\"><img decoding=\"async\" width=\"300\" height=\"200\" src=\"https:\/\/www.lockerpoint.com\/wp-content\/uploads\/sleutelkluis-amsterdam-300x200.jpg\" class=\"vc_single_image-img attachment-medium\" alt=\"\" title=\"Golden Key Gold Security Key Close\" srcset=\"https:\/\/www.lockerpoint.com\/wp-content\/uploads\/sleutelkluis-amsterdam-300x200.jpg 300w, https:\/\/www.lockerpoint.com\/wp-content\/uploads\/sleutelkluis-amsterdam-768x512.jpg 768w, https:\/\/www.lockerpoint.com\/wp-content\/uploads\/sleutelkluis-amsterdam.jpg 960w\" sizes=\"(max-width: 300px) 100vw, 300px\" \/><\/div>\n\t\t<\/figure>\n\t<\/div>\n<\/div><\/div><\/div><\/div><\/div><\/div><\/div><\/div><\/div><\/div><div class=\"vc_row wpb_row vc_row-fluid mkdf-section mkdf-content-aligment-left\" style=\"\"><div class=\"clearfix mkdf-full-section-inner\"><div class=\"wpb_column vc_column_container vc_col-sm-12\"><div class=\"vc_column-inner\"><div class=\"wpb_wrapper\">\n\t<div class=\"wpb_text_column wpb_content_element \" >\n\t\t<div class=\"wpb_wrapper\">\n\t\t\t<h2>Service suppl\u00e9mentaire pour vos invit\u00e9s<\/h2>\n<p>Dans nos centres Lockerpoint, vous trouverez de grandes consignes \u00e0 bagages que vos clients peuvent louer au d\u00e9but ou \u00e0 la fin de leur s\u00e9jour. Ils peuvent ainsi profiter de leur s\u00e9jour \u00e0 Amsterdam sans avoir \u00e0 transporter tous les bagages qu&rsquo;ils ont accumul\u00e9s. <\/p>\n<h2>Des questions sur notre service de cl\u00e9s ?<\/h2>\n<p>Vous avez des questions ou des demandes sp\u00e9ciales ? Veuillez nous contacter en utilisant le formulaire ci-dessous ou en appelant notre service client\u00e8le. Nous nous ferons un plaisir de vous aider \u00e0 r\u00e9soudre tout probl\u00e8me que vous pourriez rencontrer. Notre principal objectif est de satisfaire nos clients.<\/p>\n\n\t\t<\/div>\n\t<\/div>\n<\/div><\/div><\/div><\/div><\/div><div class=\"vc_row wpb_row vc_row-fluid mkdf-section mkdf-content-aligment-left\" style=\"\"><div class=\"clearfix mkdf-full-section-inner\"><div class=\"wpb_column vc_column_container vc_col-sm-12\"><div class=\"vc_column-inner\"><div class=\"wpb_wrapper\"><div data-original-height=\"40\" class=\"vc_empty_space\"  style=\"height: 40px\" >\n\t<span class=\"vc_empty_space_inner\"><\/span><\/div>\n\n\t<div class=\"wpb_text_column wpb_content_element \" >\n\t\t<div class=\"wpb_wrapper\">\n\t\t\t<h3>Formulaire de contact<\/h3>\n\n\t\t<\/div>\n\t<\/div>\n<div data-original-height=\"40\" class=\"vc_empty_space\"  style=\"height: 40px\" >\n\t<span class=\"vc_empty_space_inner\"><\/span><\/div>\n\n<div class=\"wpcf7 no-js\" id=\"wpcf7-f3167-o1\" lang=\"en-US\" dir=\"ltr\" data-wpcf7-id=\"3167\">\n<div class=\"screen-reader-response\"><p role=\"status\" aria-live=\"polite\" aria-atomic=\"true\"><\/p> <ul><\/ul><\/div>\n<form action=\"\/fr\/wp-json\/wp\/v2\/pages\/30692#wpcf7-f3167-o1\" method=\"post\" class=\"wpcf7-form init\" aria-label=\"Contact form\" novalidate=\"novalidate\" data-status=\"init\">\n<fieldset class=\"hidden-fields-container\"><input type=\"hidden\" name=\"_wpcf7\" value=\"3167\" \/><input type=\"hidden\" name=\"_wpcf7_version\" value=\"6.1.5\" \/><input type=\"hidden\" name=\"_wpcf7_locale\" value=\"en_US\" \/><input type=\"hidden\" name=\"_wpcf7_unit_tag\" value=\"wpcf7-f3167-o1\" \/><input type=\"hidden\" name=\"_wpcf7_container_post\" value=\"0\" \/><input type=\"hidden\" name=\"_wpcf7_posted_data_hash\" value=\"\" \/><input type=\"hidden\" name=\"_wpcf7_recaptcha_response\" value=\"\" \/>\n<\/fieldset>\n<p>Your name\n<\/p>\n<p><span class=\"wpcf7-form-control-wrap\" data-name=\"your-name\"><input size=\"40\" maxlength=\"400\" class=\"wpcf7-form-control wpcf7-text wpcf7-validates-as-required\" aria-required=\"true\" aria-invalid=\"false\" value=\"\" type=\"text\" name=\"your-name\" \/><\/span>\n<\/p>\n<p>Phone number\n<\/p>\n<p><span class=\"wpcf7-form-control-wrap\" data-name=\"telefoonnummer\"><input size=\"40\" maxlength=\"400\" class=\"wpcf7-form-control wpcf7-text\" aria-invalid=\"false\" value=\"\" type=\"text\" name=\"telefoonnummer\" \/><\/span>\n<\/p>\n<p>Your email address\n<\/p>\n<p><span class=\"wpcf7-form-control-wrap\" data-name=\"your-email\"><input size=\"40\" maxlength=\"400\" class=\"wpcf7-form-control wpcf7-email wpcf7-validates-as-required wpcf7-text wpcf7-validates-as-email\" aria-required=\"true\" aria-invalid=\"false\" value=\"\" type=\"email\" name=\"your-email\" \/><\/span>\n<\/p>\n<p>Your message\n<\/p>\n<p><span class=\"wpcf7-form-control-wrap\" data-name=\"your-message\"><textarea cols=\"40\" rows=\"10\" maxlength=\"2000\" class=\"wpcf7-form-control wpcf7-textarea\" aria-invalid=\"false\" name=\"your-message\"><\/textarea><\/span>\n<\/p>\n\n<p style=\"text-align: right;\"><input class=\"wpcf7-form-control wpcf7-submit has-spinner\" type=\"submit\" value=\"Send\" \/>\n<\/p><div class=\"wpcf7-response-output\" aria-hidden=\"true\"><\/div>\n<\/form>\n<\/div>\n<div data-original-height=\"40\" class=\"vc_empty_space\"  style=\"height: 40px\" >\n\t<span class=\"vc_empty_space_inner\"><\/span><\/div>\n<\/div><\/div><\/div><\/div><\/div>\n","protected":false},"excerpt":{"rendered":"Key Service Amsterdam Service cl\u00e9 Airbnb Amsterdam \u00c9valuation: &#9733;&#9733;&#9733;&#9733;&#9733; 4.6 bas\u00e9 sur 140 commentaires. 5 1 Anonymous Vous n'\u00eates pas en mesure de remettre les cl\u00e9s de votre appartement \u00e0 vos invit\u00e9s ? Mettez-vous \u00e0 l'aise et utilisez le service de cl\u00e9s Lockerpoint (Airbnb) \u00e0 Amsterdam. Nous assurons un transfert de cl\u00e9s simple et s\u00fbr entre vous et vos locataires \u00e0 des tarifs tr\u00e8s avantageux. Point de d\u00e9p\u00f4t de cl\u00e9s simple, s\u00fbr et bon march\u00e9 \u00e0 Amsterdam Lockerpoint dispose d'emplacements centraux et s\u00e9curis\u00e9s \u00e0 proximit\u00e9 de lieux touristiques tels que...","protected":false},"author":1,"featured_media":3140,"parent":0,"menu_order":0,"comment_status":"closed","ping_status":"closed","template":"","meta":{"footnotes":""},"class_list":["post-30692","page","type-page","status-publish","has-post-thumbnail","hentry"],"yoast_head":"<!-- This site is optimized with the Yoast SEO plugin v27.4 - https:\/\/yoast.com\/product\/yoast-seo-wordpress\/ -->\n<title>Service de cl\u00e9s Airbnb Amsterdam | Remise des cl\u00e9s Lockerpoint<\/title>\n<meta name=\"description\" content=\"Nous assurons un transfert de cl\u00e9s simple et s\u00fbr entre vous et vos locataires \u00e0 des tarifs tr\u00e8s avantageux. Utilisez notre service de cl\u00e9s. Un point de d\u00e9p\u00f4t de cl\u00e9s simple, s\u00fbr et bon march\u00e9 \u00e0 Amsterdam. Il vous suffit de communiquer l&#039;emplacement et le code pin du Lockerpoint \u00e0 vos clients pour assurer un transfert de cl\u00e9s en toute s\u00e9curit\u00e9.\" \/>\n<meta name=\"robots\" content=\"index, follow, max-snippet:-1, max-image-preview:large, max-video-preview:-1\" \/>\n<link rel=\"canonical\" href=\"https:\/\/www.lockerpoint.com\/fr\/service-cle-airbnb-amsterdam\/\" \/>\n<meta property=\"og:locale\" content=\"fr_FR\" \/>\n<meta property=\"og:type\" content=\"article\" \/>\n<meta property=\"og:title\" content=\"Service de cl\u00e9s Airbnb Amsterdam | Remise des cl\u00e9s Lockerpoint\" \/>\n<meta property=\"og:description\" content=\"Nous assurons un transfert de cl\u00e9s simple et s\u00fbr entre vous et vos locataires \u00e0 des tarifs tr\u00e8s avantageux. Utilisez notre service de cl\u00e9s. Un point de d\u00e9p\u00f4t de cl\u00e9s simple, s\u00fbr et bon march\u00e9 \u00e0 Amsterdam. Il vous suffit de communiquer l&#039;emplacement et le code pin du Lockerpoint \u00e0 vos clients pour assurer un transfert de cl\u00e9s en toute s\u00e9curit\u00e9.\" \/>\n<meta property=\"og:url\" content=\"https:\/\/www.lockerpoint.com\/fr\/service-cle-airbnb-amsterdam\/\" \/>\n<meta property=\"og:site_name\" content=\"Lockerpoint.com\" \/>\n<meta property=\"article:publisher\" content=\"https:\/\/www.facebook.com\/pages\/category\/Product-Service\/Lockerpointcom-1771311219606964\/\" \/>\n<meta property=\"article:modified_time\" content=\"2026-01-07T09:15:47+00:00\" \/>\n<meta property=\"og:image\" content=\"https:\/\/www.lockerpoint.com\/wp-content\/uploads\/sleutelkluis-amsterdam.jpg\" \/>\n\t<meta property=\"og:image:width\" content=\"960\" \/>\n\t<meta property=\"og:image:height\" content=\"640\" \/>\n\t<meta property=\"og:image:type\" content=\"image\/jpeg\" \/>\n<meta name=\"twitter:card\" content=\"summary_large_image\" \/>\n<meta name=\"twitter:label1\" content=\"Dur\u00e9e de lecture estim\u00e9e\" \/>\n\t<meta name=\"twitter:data1\" content=\"2 minutes\" \/>\n<!-- \/ Yoast SEO plugin. -->","yoast_head_json":{"title":"Service de cl\u00e9s Airbnb Amsterdam | Remise des cl\u00e9s Lockerpoint","description":"Nous assurons un transfert de cl\u00e9s simple et s\u00fbr entre vous et vos locataires \u00e0 des tarifs tr\u00e8s avantageux. Utilisez notre service de cl\u00e9s. Un point de d\u00e9p\u00f4t de cl\u00e9s simple, s\u00fbr et bon march\u00e9 \u00e0 Amsterdam. Il vous suffit de communiquer l'emplacement et le code pin du Lockerpoint \u00e0 vos clients pour assurer un transfert de cl\u00e9s en toute s\u00e9curit\u00e9.","robots":{"index":"index","follow":"follow","max-snippet":"max-snippet:-1","max-image-preview":"max-image-preview:large","max-video-preview":"max-video-preview:-1"},"canonical":"https:\/\/www.lockerpoint.com\/fr\/service-cle-airbnb-amsterdam\/","og_locale":"fr_FR","og_type":"article","og_title":"Service de cl\u00e9s Airbnb Amsterdam | Remise des cl\u00e9s Lockerpoint","og_description":"Nous assurons un transfert de cl\u00e9s simple et s\u00fbr entre vous et vos locataires \u00e0 des tarifs tr\u00e8s avantageux. Utilisez notre service de cl\u00e9s. Un point de d\u00e9p\u00f4t de cl\u00e9s simple, s\u00fbr et bon march\u00e9 \u00e0 Amsterdam. Il vous suffit de communiquer l'emplacement et le code pin du Lockerpoint \u00e0 vos clients pour assurer un transfert de cl\u00e9s en toute s\u00e9curit\u00e9.","og_url":"https:\/\/www.lockerpoint.com\/fr\/service-cle-airbnb-amsterdam\/","og_site_name":"Lockerpoint.com","article_publisher":"https:\/\/www.facebook.com\/pages\/category\/Product-Service\/Lockerpointcom-1771311219606964\/","article_modified_time":"2026-01-07T09:15:47+00:00","og_image":[{"width":960,"height":640,"url":"https:\/\/www.lockerpoint.com\/wp-content\/uploads\/sleutelkluis-amsterdam.jpg","type":"image\/jpeg"}],"twitter_card":"summary_large_image","twitter_misc":{"Dur\u00e9e de lecture estim\u00e9e":"2 minutes"},"schema":{"@context":"https:\/\/schema.org","@graph":[{"@type":"WebPage","@id":"https:\/\/www.lockerpoint.com\/fr\/service-cle-airbnb-amsterdam\/","url":"https:\/\/www.lockerpoint.com\/fr\/service-cle-airbnb-amsterdam\/","name":"Service de cl\u00e9s Airbnb Amsterdam | Remise des cl\u00e9s Lockerpoint","isPartOf":{"@id":"https:\/\/www.lockerpoint.com\/fr\/#website"},"primaryImageOfPage":{"@id":"https:\/\/www.lockerpoint.com\/fr\/service-cle-airbnb-amsterdam\/#primaryimage"},"image":{"@id":"https:\/\/www.lockerpoint.com\/fr\/service-cle-airbnb-amsterdam\/#primaryimage"},"thumbnailUrl":"https:\/\/www.lockerpoint.com\/wp-content\/uploads\/sleutelkluis-amsterdam.jpg","datePublished":"2026-01-07T09:15:44+00:00","dateModified":"2026-01-07T09:15:47+00:00","description":"Nous assurons un transfert de cl\u00e9s simple et s\u00fbr entre vous et vos locataires \u00e0 des tarifs tr\u00e8s avantageux. Utilisez notre service de cl\u00e9s. Un point de d\u00e9p\u00f4t de cl\u00e9s simple, s\u00fbr et bon march\u00e9 \u00e0 Amsterdam. Il vous suffit de communiquer l'emplacement et le code pin du Lockerpoint \u00e0 vos clients pour assurer un transfert de cl\u00e9s en toute s\u00e9curit\u00e9.","breadcrumb":{"@id":"https:\/\/www.lockerpoint.com\/fr\/service-cle-airbnb-amsterdam\/#breadcrumb"},"inLanguage":"fr-FR","potentialAction":[{"@type":"ReadAction","target":["https:\/\/www.lockerpoint.com\/fr\/service-cle-airbnb-amsterdam\/"]}]},{"@type":"ImageObject","inLanguage":"fr-FR","@id":"https:\/\/www.lockerpoint.com\/fr\/service-cle-airbnb-amsterdam\/#primaryimage","url":"https:\/\/www.lockerpoint.com\/wp-content\/uploads\/sleutelkluis-amsterdam.jpg","contentUrl":"https:\/\/www.lockerpoint.com\/wp-content\/uploads\/sleutelkluis-amsterdam.jpg","width":960,"height":640,"caption":"Golden Key Gold Security Key Close"},{"@type":"BreadcrumbList","@id":"https:\/\/www.lockerpoint.com\/fr\/service-cle-airbnb-amsterdam\/#breadcrumb","itemListElement":[{"@type":"ListItem","position":1,"name":"Home","item":"https:\/\/www.lockerpoint.com\/fr\/"},{"@type":"ListItem","position":2,"name":"Service cl\u00e9 Airbnb Amsterdam"}]},{"@type":"WebSite","@id":"https:\/\/www.lockerpoint.com\/fr\/#website","url":"https:\/\/www.lockerpoint.com\/fr\/","name":"Lockerpoint.com","description":"lockerpoint.com","potentialAction":[{"@type":"SearchAction","target":{"@type":"EntryPoint","urlTemplate":"https:\/\/www.lockerpoint.com\/fr\/?s={search_term_string}"},"query-input":{"@type":"PropertyValueSpecification","valueRequired":true,"valueName":"search_term_string"}}],"inLanguage":"fr-FR"}]}},"_links":{"self":[{"href":"https:\/\/www.lockerpoint.com\/fr\/wp-json\/wp\/v2\/pages\/30692","targetHints":{"allow":["GET"]}}],"collection":[{"href":"https:\/\/www.lockerpoint.com\/fr\/wp-json\/wp\/v2\/pages"}],"about":[{"href":"https:\/\/www.lockerpoint.com\/fr\/wp-json\/wp\/v2\/types\/page"}],"author":[{"embeddable":true,"href":"https:\/\/www.lockerpoint.com\/fr\/wp-json\/wp\/v2\/users\/1"}],"replies":[{"embeddable":true,"href":"https:\/\/www.lockerpoint.com\/fr\/wp-json\/wp\/v2\/comments?post=30692"}],"version-history":[{"count":3,"href":"https:\/\/www.lockerpoint.com\/fr\/wp-json\/wp\/v2\/pages\/30692\/revisions"}],"predecessor-version":[{"id":30699,"href":"https:\/\/www.lockerpoint.com\/fr\/wp-json\/wp\/v2\/pages\/30692\/revisions\/30699"}],"wp:featuredmedia":[{"embeddable":true,"href":"https:\/\/www.lockerpoint.com\/fr\/wp-json\/wp\/v2\/media\/3140"}],"wp:attachment":[{"href":"https:\/\/www.lockerpoint.com\/fr\/wp-json\/wp\/v2\/media?parent=30692"}],"curies":[{"name":"wp","href":"https:\/\/api.w.org\/{rel}","templated":true}]}}