{"id":30668,"date":"2026-01-07T08:59:52","date_gmt":"2026-01-07T08:59:52","guid":{"rendered":"https:\/\/www.lockerpoint.com\/deposito-bagagli-manchester\/"},"modified":"2026-01-07T08:59:52","modified_gmt":"2026-01-07T08:59:52","slug":"deposito-bagagli-manchester","status":"publish","type":"page","link":"https:\/\/www.lockerpoint.com\/it\/deposito-bagagli-manchester\/","title":{"rendered":"Deposito bagagli Manchester"},"content":{"rendered":"<h2><strong>Deposito bagagli Manchester (prossimamente)<\/strong><\/h2>\n<p>Manchester \u00e8 una citt\u00e0 dinamica nota per la sua scena culturale, i quartieri dello shopping, le universit\u00e0 e i principali eventi sportivi. Spesso i visitatori arrivano la mattina presto o partono la sera tardi, il che pu\u00f2 creare la necessit\u00e0 di un deposito bagagli flessibile. Lockerpoint sta valutando la possibilit\u00e0 di introdurre la sua soluzione di deposito bagagli a Manchester. Lockerpoint non \u00e8 ancora operativo in citt\u00e0, ma sono in corso i preparativi iniziali che potrebbero portare a un possibile lancio in futuro. Questa pagina funge da panoramica informativa e verr\u00e0 aggiornata man mano che i piani si sviluppano.    <\/p>\n<h2>Deposito bagagli progettato per i viaggi in citt\u00e0<\/h2>\n<p>Lockerpoint offre un deposito bagagli sicuro, ideale per i moderni viaggi in citt\u00e0. Invece di trasportare borse per strade affollate o di depositare i bagagli in luoghi non sicuri, i viaggiatori possono riporre in modo sicuro i propri effetti personali in un armadietto Lockerpoint, il che consente loro di continuare la giornata senza preoccupazioni. <\/p>\n<p>Lockerpoint \u00e8 adatto per:<br \/>\n\u2022 viaggiatori tra l&#8217;orario di check-in e check-out<br \/>\n\u2022 visitatori che esplorano la citt\u00e0 prima di proseguire il viaggio<\/p>\n<h2>A che punto siamo<\/h2>\n<p>Lockerpoint sta attualmente valutando Manchester come parte dei suoi piani di espansione. Il nostro obiettivo \u00e8:<br \/>\n\u2022 selezionare posizioni centrali e facilmente accessibili<br \/>\n\u2022 costruire partnership con imprese locali e proprietari di immobili <\/p>\n<p>Gli aggiornamenti verranno condivisi non appena il deposito bagagli Lockerpoint sar\u00e0 disponibile a Manchester.<\/p>\n<h2>Collabora con Lockerpoint o offri una location<\/h2>\n<p>Possiedi o gestisci una propriet\u00e0 a Manchester e vedi l&#8217;opportunit\u00e0 di ospitare gli armadietti per bagagli Lockerpoint? Oppure sei interessato a collaborare con Lockerpoint per supportare i viaggiatori in citt\u00e0? Accogliamo con favore le conversazioni con partner locali che desiderano esplorare opportunit\u00e0 di collaborazione. Mettiti in contatto con noi tramite il <strong><a href=\"https:\/\/www.lockerpoint.com\/it\/contattaci\/\">modulo di contatto<\/a><\/strong>.   <\/p>\n<h2>Crescita nelle citt\u00e0<\/h2>\n<p>Manchester \u00e8 una delle numerose citt\u00e0 prese in considerazione come parte della crescita internazionale di Lockerpoint. Il nostro obiettivo \u00e8 semplificare i viaggi in citt\u00e0 offrendo un deposito bagagli sicuro e flessibile nei luoghi in cui i viaggiatori ne hanno pi\u00f9 bisogno. <\/p>\n","protected":false},"excerpt":{"rendered":"<p>Deposito bagagli Manchester (prossimamente) Manchester \u00e8 una citt\u00e0 dinamica nota per la sua scena culturale, i quartieri dello shopping, le universit\u00e0 e i principali eventi sportivi. Spesso i visitatori arrivano la mattina presto o partono la sera tardi, il che pu\u00f2 creare la necessit\u00e0 di un deposito bagagli flessibile. Lockerpoint sta valutando la possibilit\u00e0 di introdurre la sua soluzione di deposito bagagli a Manchester. Lockerpoint non \u00e8 ancora operativo in citt\u00e0, ma sono in corso i preparativi iniziali che potrebbero portare a un possibile lancio in futuro. Questa pagina funge&#8230;<\/p>\n","protected":false},"author":1,"featured_media":0,"parent":0,"menu_order":0,"comment_status":"closed","ping_status":"closed","template":"","meta":{"footnotes":""},"class_list":["post-30668","page","type-page","status-publish","hentry"],"yoast_head":"<!-- This site is optimized with the Yoast SEO plugin v27.4 - https:\/\/yoast.com\/product\/yoast-seo-wordpress\/ -->\n<title>Deposito bagagli Manchester &#8226; Lockerpoint.com<\/title>\n<meta name=\"robots\" content=\"index, follow, max-snippet:-1, max-image-preview:large, max-video-preview:-1\" \/>\n<link rel=\"canonical\" href=\"https:\/\/www.lockerpoint.com\/it\/deposito-bagagli-manchester\/\" \/>\n<meta property=\"og:locale\" content=\"it_IT\" \/>\n<meta property=\"og:type\" content=\"article\" \/>\n<meta property=\"og:title\" content=\"Deposito bagagli Manchester &#8226; Lockerpoint.com\" \/>\n<meta property=\"og:description\" content=\"Deposito bagagli Manchester (prossimamente) Manchester \u00e8 una citt\u00e0 dinamica nota per la sua scena culturale, i quartieri dello shopping, le universit\u00e0 e i principali eventi sportivi. Spesso i visitatori arrivano la mattina presto o partono la sera tardi, il che pu\u00f2 creare la necessit\u00e0 di un deposito bagagli flessibile. Lockerpoint sta valutando la possibilit\u00e0 di introdurre la sua soluzione di deposito bagagli a Manchester. Lockerpoint non \u00e8 ancora operativo in citt\u00e0, ma sono in corso i preparativi iniziali che potrebbero portare a un possibile lancio in futuro. Questa pagina funge...\" \/>\n<meta property=\"og:url\" content=\"https:\/\/www.lockerpoint.com\/it\/deposito-bagagli-manchester\/\" \/>\n<meta property=\"og:site_name\" content=\"Lockerpoint.com\" \/>\n<meta property=\"article:publisher\" content=\"https:\/\/www.facebook.com\/pages\/category\/Product-Service\/Lockerpointcom-1771311219606964\/\" \/>\n<meta name=\"twitter:card\" content=\"summary_large_image\" \/>\n<meta name=\"twitter:label1\" content=\"Tempo di lettura stimato\" \/>\n\t<meta name=\"twitter:data1\" content=\"2 minuti\" \/>\n<!-- \/ Yoast SEO plugin. -->","yoast_head_json":{"title":"Deposito bagagli Manchester &#8226; Lockerpoint.com","robots":{"index":"index","follow":"follow","max-snippet":"max-snippet:-1","max-image-preview":"max-image-preview:large","max-video-preview":"max-video-preview:-1"},"canonical":"https:\/\/www.lockerpoint.com\/it\/deposito-bagagli-manchester\/","og_locale":"it_IT","og_type":"article","og_title":"Deposito bagagli Manchester &#8226; Lockerpoint.com","og_description":"Deposito bagagli Manchester (prossimamente) Manchester \u00e8 una citt\u00e0 dinamica nota per la sua scena culturale, i quartieri dello shopping, le universit\u00e0 e i principali eventi sportivi. Spesso i visitatori arrivano la mattina presto o partono la sera tardi, il che pu\u00f2 creare la necessit\u00e0 di un deposito bagagli flessibile. Lockerpoint sta valutando la possibilit\u00e0 di introdurre la sua soluzione di deposito bagagli a Manchester. Lockerpoint non \u00e8 ancora operativo in citt\u00e0, ma sono in corso i preparativi iniziali che potrebbero portare a un possibile lancio in futuro. Questa pagina funge...","og_url":"https:\/\/www.lockerpoint.com\/it\/deposito-bagagli-manchester\/","og_site_name":"Lockerpoint.com","article_publisher":"https:\/\/www.facebook.com\/pages\/category\/Product-Service\/Lockerpointcom-1771311219606964\/","twitter_card":"summary_large_image","twitter_misc":{"Tempo di lettura stimato":"2 minuti"},"schema":{"@context":"https:\/\/schema.org","@graph":[{"@type":"WebPage","@id":"https:\/\/www.lockerpoint.com\/it\/deposito-bagagli-manchester\/","url":"https:\/\/www.lockerpoint.com\/it\/deposito-bagagli-manchester\/","name":"Deposito bagagli Manchester &#8226; Lockerpoint.com","isPartOf":{"@id":"https:\/\/www.lockerpoint.com\/it\/#website"},"datePublished":"2026-01-07T08:59:52+00:00","breadcrumb":{"@id":"https:\/\/www.lockerpoint.com\/it\/deposito-bagagli-manchester\/#breadcrumb"},"inLanguage":"it-IT","potentialAction":[{"@type":"ReadAction","target":["https:\/\/www.lockerpoint.com\/it\/deposito-bagagli-manchester\/"]}]},{"@type":"BreadcrumbList","@id":"https:\/\/www.lockerpoint.com\/it\/deposito-bagagli-manchester\/#breadcrumb","itemListElement":[{"@type":"ListItem","position":1,"name":"Home","item":"https:\/\/www.lockerpoint.com\/it\/"},{"@type":"ListItem","position":2,"name":"Deposito bagagli Manchester"}]},{"@type":"WebSite","@id":"https:\/\/www.lockerpoint.com\/it\/#website","url":"https:\/\/www.lockerpoint.com\/it\/","name":"Lockerpoint.com","description":"lockerpoint.com","potentialAction":[{"@type":"SearchAction","target":{"@type":"EntryPoint","urlTemplate":"https:\/\/www.lockerpoint.com\/it\/?s={search_term_string}"},"query-input":{"@type":"PropertyValueSpecification","valueRequired":true,"valueName":"search_term_string"}}],"inLanguage":"it-IT"}]}},"_links":{"self":[{"href":"https:\/\/www.lockerpoint.com\/it\/wp-json\/wp\/v2\/pages\/30668","targetHints":{"allow":["GET"]}}],"collection":[{"href":"https:\/\/www.lockerpoint.com\/it\/wp-json\/wp\/v2\/pages"}],"about":[{"href":"https:\/\/www.lockerpoint.com\/it\/wp-json\/wp\/v2\/types\/page"}],"author":[{"embeddable":true,"href":"https:\/\/www.lockerpoint.com\/it\/wp-json\/wp\/v2\/users\/1"}],"replies":[{"embeddable":true,"href":"https:\/\/www.lockerpoint.com\/it\/wp-json\/wp\/v2\/comments?post=30668"}],"version-history":[{"count":0,"href":"https:\/\/www.lockerpoint.com\/it\/wp-json\/wp\/v2\/pages\/30668\/revisions"}],"wp:attachment":[{"href":"https:\/\/www.lockerpoint.com\/it\/wp-json\/wp\/v2\/media?parent=30668"}],"curies":[{"name":"wp","href":"https:\/\/api.w.org\/{rel}","templated":true}]}}