{"id":30672,"date":"2026-01-07T09:00:34","date_gmt":"2026-01-07T09:00:34","guid":{"rendered":"https:\/\/www.lockerpoint.com\/guarda-de-bagagem-em-manchester\/"},"modified":"2026-01-07T09:00:34","modified_gmt":"2026-01-07T09:00:34","slug":"guarda-de-bagagem-em-manchester","status":"publish","type":"page","link":"https:\/\/www.lockerpoint.com\/pt-pt\/guarda-de-bagagem-em-manchester\/","title":{"rendered":"Guarda de bagagem em Manchester"},"content":{"rendered":"<h2><strong>Guarda de bagagem em Manchester (brevemente)<\/strong><\/h2>\n<p>Manchester \u00e9 uma cidade din\u00e2mica conhecida pela sua cena cultural, zonas comerciais, universidades e grandes eventos desportivos. Os visitantes chegam frequentemente de manh\u00e3 cedo ou partem ao final da noite, o que pode criar uma necessidade de armazenamento de bagagem flex\u00edvel. A Lockerpoint est\u00e1 a explorar a possibilidade de introduzir a sua solu\u00e7\u00e3o de armazenamento de bagagem em Manchester. A Lockerpoint ainda n\u00e3o opera na cidade, mas est\u00e3o em curso os preparativos iniciais que podem levar a um poss\u00edvel lan\u00e7amento no futuro. Esta p\u00e1gina serve como uma vis\u00e3o geral informativa e ser\u00e1 atualizada \u00e0 medida que os planos se desenvolvam.    <\/p>\n<h2>Guarda de bagagem concebida para viagens na cidade<\/h2>\n<p>A Lockerpoint oferece um armazenamento de bagagem seguro que se adapta \u00e0s viagens modernas na cidade. Em vez de transportar malas pelas ruas movimentadas ou guardar a bagagem em locais inseguros, os viajantes podem guardar com seguran\u00e7a os seus pertences num cacifo Lockerpoint, permitindo-lhes continuar o seu dia sem preocupa\u00e7\u00f5es. <\/p>\n<p>A Lockerpoint \u00e9 adequada para:<br \/>\n\u2022 viajantes entre os hor\u00e1rios de check-in e check-out<br \/>\n\u2022 visitantes que exploram a cidade antes de prosseguirem a viagem<\/p>\n<h2>Onde estamos agora<\/h2>\n<p>A Lockerpoint est\u00e1 atualmente a avaliar Manchester como parte dos seus planos de expans\u00e3o. O nosso foco est\u00e1 em:<br \/>\n\u2022 selecionar locais centrais e de f\u00e1cil acesso<br \/>\n\u2022 construir parcerias com empresas locais e propriet\u00e1rios <\/p>\n<p>As atualiza\u00e7\u00f5es ser\u00e3o partilhadas assim que o armazenamento de bagagem Lockerpoint estiver dispon\u00edvel em Manchester.<\/p>\n<h2>Fa\u00e7a uma parceria com a Lockerpoint ou ofere\u00e7a um local<\/h2>\n<p>\u00c9 propriet\u00e1rio ou gere um im\u00f3vel em Manchester e v\u00ea uma oportunidade de acolher cacifos de bagagem Lockerpoint? Ou est\u00e1 interessado em fazer uma parceria com a Lockerpoint para apoiar os viajantes na cidade? Agradecemos conversas com parceiros locais que queiram explorar oportunidades de colabora\u00e7\u00e3o. Entre em contacto connosco atrav\u00e9s do <strong><a href=\"https:\/\/www.lockerpoint.com\/pt-pt\/formulario-de-contato-lockerpoint\/\">formul\u00e1rio de contacto<\/a><\/strong>.   <\/p>\n<h2>A crescer em v\u00e1rias cidades<\/h2>\n<p>Manchester \u00e9 uma das v\u00e1rias cidades que est\u00e3o a ser consideradas como parte do crescimento internacional da Lockerpoint. O nosso objetivo \u00e9 facilitar as viagens na cidade, oferecendo um armazenamento de bagagem seguro e flex\u00edvel nos locais onde os viajantes mais precisam. <\/p>\n","protected":false},"excerpt":{"rendered":"<p>Guarda de bagagem em Manchester (brevemente) Manchester \u00e9 uma cidade din\u00e2mica conhecida pela sua cena cultural, zonas comerciais, universidades e grandes eventos desportivos. Os visitantes chegam frequentemente de manh\u00e3 cedo ou partem ao final da noite, o que pode criar uma necessidade de armazenamento de bagagem flex\u00edvel. A Lockerpoint est\u00e1 a explorar a possibilidade de introduzir a sua solu\u00e7\u00e3o de armazenamento de bagagem em Manchester. A Lockerpoint ainda n\u00e3o opera na cidade, mas est\u00e3o em curso os preparativos iniciais que podem levar a um poss\u00edvel lan\u00e7amento no futuro. Esta p\u00e1gina&#8230;<\/p>\n","protected":false},"author":1,"featured_media":0,"parent":0,"menu_order":0,"comment_status":"closed","ping_status":"closed","template":"","meta":{"footnotes":""},"class_list":["post-30672","page","type-page","status-publish","hentry"],"yoast_head":"<!-- This site is optimized with the Yoast SEO plugin v27.4 - https:\/\/yoast.com\/product\/yoast-seo-wordpress\/ -->\n<title>Guarda de bagagem em Manchester &#8226; Lockerpoint.com<\/title>\n<meta name=\"robots\" content=\"index, follow, max-snippet:-1, max-image-preview:large, max-video-preview:-1\" \/>\n<link rel=\"canonical\" href=\"https:\/\/www.lockerpoint.com\/pt-pt\/guarda-de-bagagem-em-manchester\/\" \/>\n<meta property=\"og:locale\" content=\"pt_PT\" \/>\n<meta property=\"og:type\" content=\"article\" \/>\n<meta property=\"og:title\" content=\"Guarda de bagagem em Manchester &#8226; Lockerpoint.com\" \/>\n<meta property=\"og:description\" content=\"Guarda de bagagem em Manchester (brevemente) Manchester \u00e9 uma cidade din\u00e2mica conhecida pela sua cena cultural, zonas comerciais, universidades e grandes eventos desportivos. Os visitantes chegam frequentemente de manh\u00e3 cedo ou partem ao final da noite, o que pode criar uma necessidade de armazenamento de bagagem flex\u00edvel. A Lockerpoint est\u00e1 a explorar a possibilidade de introduzir a sua solu\u00e7\u00e3o de armazenamento de bagagem em Manchester. A Lockerpoint ainda n\u00e3o opera na cidade, mas est\u00e3o em curso os preparativos iniciais que podem levar a um poss\u00edvel lan\u00e7amento no futuro. Esta p\u00e1gina...\" \/>\n<meta property=\"og:url\" content=\"https:\/\/www.lockerpoint.com\/pt-pt\/guarda-de-bagagem-em-manchester\/\" \/>\n<meta property=\"og:site_name\" content=\"Lockerpoint.com\" \/>\n<meta property=\"article:publisher\" content=\"https:\/\/www.facebook.com\/pages\/category\/Product-Service\/Lockerpointcom-1771311219606964\/\" \/>\n<meta name=\"twitter:card\" content=\"summary_large_image\" \/>\n<meta name=\"twitter:label1\" content=\"Tempo estimado de leitura\" \/>\n\t<meta name=\"twitter:data1\" content=\"2 minutos\" \/>\n<!-- \/ Yoast SEO plugin. -->","yoast_head_json":{"title":"Guarda de bagagem em Manchester &#8226; Lockerpoint.com","robots":{"index":"index","follow":"follow","max-snippet":"max-snippet:-1","max-image-preview":"max-image-preview:large","max-video-preview":"max-video-preview:-1"},"canonical":"https:\/\/www.lockerpoint.com\/pt-pt\/guarda-de-bagagem-em-manchester\/","og_locale":"pt_PT","og_type":"article","og_title":"Guarda de bagagem em Manchester &#8226; Lockerpoint.com","og_description":"Guarda de bagagem em Manchester (brevemente) Manchester \u00e9 uma cidade din\u00e2mica conhecida pela sua cena cultural, zonas comerciais, universidades e grandes eventos desportivos. Os visitantes chegam frequentemente de manh\u00e3 cedo ou partem ao final da noite, o que pode criar uma necessidade de armazenamento de bagagem flex\u00edvel. A Lockerpoint est\u00e1 a explorar a possibilidade de introduzir a sua solu\u00e7\u00e3o de armazenamento de bagagem em Manchester. A Lockerpoint ainda n\u00e3o opera na cidade, mas est\u00e3o em curso os preparativos iniciais que podem levar a um poss\u00edvel lan\u00e7amento no futuro. Esta p\u00e1gina...","og_url":"https:\/\/www.lockerpoint.com\/pt-pt\/guarda-de-bagagem-em-manchester\/","og_site_name":"Lockerpoint.com","article_publisher":"https:\/\/www.facebook.com\/pages\/category\/Product-Service\/Lockerpointcom-1771311219606964\/","twitter_card":"summary_large_image","twitter_misc":{"Tempo estimado de leitura":"2 minutos"},"schema":{"@context":"https:\/\/schema.org","@graph":[{"@type":"WebPage","@id":"https:\/\/www.lockerpoint.com\/pt-pt\/guarda-de-bagagem-em-manchester\/","url":"https:\/\/www.lockerpoint.com\/pt-pt\/guarda-de-bagagem-em-manchester\/","name":"Guarda de bagagem em Manchester &#8226; Lockerpoint.com","isPartOf":{"@id":"https:\/\/www.lockerpoint.com\/pt-pt\/#website"},"datePublished":"2026-01-07T09:00:34+00:00","breadcrumb":{"@id":"https:\/\/www.lockerpoint.com\/pt-pt\/guarda-de-bagagem-em-manchester\/#breadcrumb"},"inLanguage":"pt-PT","potentialAction":[{"@type":"ReadAction","target":["https:\/\/www.lockerpoint.com\/pt-pt\/guarda-de-bagagem-em-manchester\/"]}]},{"@type":"BreadcrumbList","@id":"https:\/\/www.lockerpoint.com\/pt-pt\/guarda-de-bagagem-em-manchester\/#breadcrumb","itemListElement":[{"@type":"ListItem","position":1,"name":"Home","item":"https:\/\/www.lockerpoint.com\/pt-pt\/"},{"@type":"ListItem","position":2,"name":"Guarda de bagagem em Manchester"}]},{"@type":"WebSite","@id":"https:\/\/www.lockerpoint.com\/pt-pt\/#website","url":"https:\/\/www.lockerpoint.com\/pt-pt\/","name":"Lockerpoint.com","description":"lockerpoint.com","potentialAction":[{"@type":"SearchAction","target":{"@type":"EntryPoint","urlTemplate":"https:\/\/www.lockerpoint.com\/pt-pt\/?s={search_term_string}"},"query-input":{"@type":"PropertyValueSpecification","valueRequired":true,"valueName":"search_term_string"}}],"inLanguage":"pt-PT"}]}},"_links":{"self":[{"href":"https:\/\/www.lockerpoint.com\/pt-pt\/wp-json\/wp\/v2\/pages\/30672","targetHints":{"allow":["GET"]}}],"collection":[{"href":"https:\/\/www.lockerpoint.com\/pt-pt\/wp-json\/wp\/v2\/pages"}],"about":[{"href":"https:\/\/www.lockerpoint.com\/pt-pt\/wp-json\/wp\/v2\/types\/page"}],"author":[{"embeddable":true,"href":"https:\/\/www.lockerpoint.com\/pt-pt\/wp-json\/wp\/v2\/users\/1"}],"replies":[{"embeddable":true,"href":"https:\/\/www.lockerpoint.com\/pt-pt\/wp-json\/wp\/v2\/comments?post=30672"}],"version-history":[{"count":0,"href":"https:\/\/www.lockerpoint.com\/pt-pt\/wp-json\/wp\/v2\/pages\/30672\/revisions"}],"wp:attachment":[{"href":"https:\/\/www.lockerpoint.com\/pt-pt\/wp-json\/wp\/v2\/media?parent=30672"}],"curies":[{"name":"wp","href":"https:\/\/api.w.org\/{rel}","templated":true}]}}