{"id":30704,"date":"2026-01-07T09:16:25","date_gmt":"2026-01-07T09:16:25","guid":{"rendered":"https:\/\/www.lockerpoint.com\/servico-chave-airbnb-amesterdao\/"},"modified":"2026-01-07T09:16:31","modified_gmt":"2026-01-07T09:16:31","slug":"servico-chave-airbnb-amesterdao","status":"publish","type":"page","link":"https:\/\/www.lockerpoint.com\/pt-pt\/servico-chave-airbnb-amesterdao\/","title":{"rendered":"Servi\u00e7o-chave Airbnb Amesterd\u00e3o"},"content":{"rendered":"<div class=\"vc_row wpb_row vc_row-fluid mkdf-section mkdf-content-aligment-left\" style=\"\"><div class=\"clearfix mkdf-full-section-inner\"><div class=\"wpb_column vc_column_container vc_col-sm-12\"><div class=\"vc_column-inner\"><div class=\"wpb_wrapper\">\n\t<div class=\"wpb_text_column wpb_content_element \" >\n\t\t<div class=\"wpb_wrapper\">\n\t\t\t<h1>Servi\u00e7o chave de Amesterd\u00e3o<\/h1>\n\n\t\t<\/div>\n\t<\/div>\n\n\t<div class=\"wpb_text_column wpb_content_element \" >\n\t\t<div class=\"wpb_wrapper\">\n\t\t\t<p><a href=\"https:\/\/www.lockerpoint.com\/pt-pt\/rever--opinioes\/\">\t\t<div itemscope itemtype=\"http:\/\/schema.org\/Organization\">\n\t\t\t<span itemprop=\"name\" style=\"display:none\">Servi\u00e7o-chave Airbnb Amesterd\u00e3o<\/span>\n\t\t\t\t\t\tClassifica\u00e7\u00e3o:\t\t\t<span itemprop=\"aggregateRating\" itemscope itemtype=\"http:\/\/schema.org\/AggregateRating\">\n\t\t\t\t<span class=\"stars\">\n\t\t\t\t\t&#9733;&#9733;&#9733;&#9733;&#9733;\t\t\t\t<\/span>\n\t\t\t\t<span class=\"rating\" itemprop=\"ratingValue\" style=\"display: none !important;\">\n\t\t\t\t\t4.6\t\t\t\t<\/span> baseado em\t\t\t\t<span class=\"votes\" itemprop=\"reviewCount\">\n\t\t\t\t\t140\t\t\t\t<\/span> avalia\u00e7\u00f5es.\t\t\t\t<div style=\"display:none\">\n\t\t\t\t\t<span itemprop=\"bestRating\">5<\/span>\n\t\t\t\t\t<span itemprop=\"worstRating\">1<\/span>\n\t\t\t\t<\/div>\n\t\t\t<\/span>\n\t\t\t<div itemprop=\"review\" itemscope itemtype=\"http:\/\/schema.org\/Review\">\n\t\t\t\t<span itemprop=\"author\" itemscope itemtype=\"https:\/\/schema.org\/Person\" style=\"display: none;\">\n\t\t\t\t\t<span itemprop=\"name\">Anonymous<\/span>\n\t\t\t\t<\/span>\n\t\t\t<\/div>\n\t\t<\/div>\n\t\t\t<style>\n\t\t.stars, .rr_star {\n\t\t\tcolor: #ffaf00;\n\t\t}\n\t<\/style>\n\t<\/a><\/p>\n\n\t\t<\/div>\n\t<\/div>\n\n\t<div class=\"wpb_text_column wpb_content_element \" >\n\t\t<div class=\"wpb_wrapper\">\n\t\t\t<p>N\u00e3o consegues entregar as chaves do teu apartamento alugado aos teus h\u00f3spedes? Fica \u00e0 vontade e utiliza o servi\u00e7o de chaves Lockerpoint (Airbnb) em Amesterd\u00e3o. Fazemos uma transfer\u00eancia de chaves simples e segura entre ti e os teus inquilinos a pre\u00e7os muito vantajosos.<\/p>\n\n\t\t<\/div>\n\t<\/div>\n<div data-mkdf-parallax-speed=\"1\" class=\"vc_row wpb_row vc_inner vc_row-fluid mkdf-section mkdf-content-aligment-left\" style=\"\"><div class=\"mkdf-full-section-inner\"><div class=\"wpb_column vc_column_container vc_col-sm-6\"><div class=\"vc_column-inner\"><div class=\"wpb_wrapper\">\n\t<div class=\"wpb_text_column wpb_content_element \" >\n\t\t<div class=\"wpb_wrapper\">\n\t\t\t<h2>Ponto de entrega de chaves simples, seguro e barato em Amesterd\u00e3o<\/h2>\n<p>A Lockerpoint tem localiza\u00e7\u00f5es centrais e seguras perto de locais tur\u00edsticos como a Esta\u00e7\u00e3o Central de Amesterd\u00e3o. Aluga connosco um cofre com chave que tem um c\u00f3digo PIN, e \u00e9 a\u00ed que coloca as chaves. S\u00f3 tens de comunicar a localiza\u00e7\u00e3o do Lockerpoint e o c\u00f3digo PIN aos teus convidados, para que a transfer\u00eancia das chaves seja feita de forma segura. Se desejares, os teus convidados podem, naturalmente, deixar a chave no cofre.<\/p>\n\n\t\t<\/div>\n\t<\/div>\n<\/div><\/div><\/div><div class=\"wpb_column vc_column_container vc_col-sm-6\"><div class=\"vc_column-inner\"><div class=\"wpb_wrapper\"><div data-original-height=\"15\" class=\"vc_empty_space\"  style=\"height: 15px\" >\n\t<span class=\"vc_empty_space_inner\"><\/span><\/div>\n\n\t<div  class=\"wpb_single_image wpb_content_element vc_align_center\">\n\t\t\n\t\t<figure class=\"wpb_wrapper vc_figure\">\n\t\t\t<div class=\"vc_single_image-wrapper   vc_box_border_grey\"><img decoding=\"async\" width=\"300\" height=\"200\" src=\"https:\/\/www.lockerpoint.com\/wp-content\/uploads\/sleutelkluis-amsterdam-300x200.jpg\" class=\"vc_single_image-img attachment-medium\" alt=\"\" title=\"Golden Key Gold Security Key Close\" srcset=\"https:\/\/www.lockerpoint.com\/wp-content\/uploads\/sleutelkluis-amsterdam-300x200.jpg 300w, https:\/\/www.lockerpoint.com\/wp-content\/uploads\/sleutelkluis-amsterdam-768x512.jpg 768w, https:\/\/www.lockerpoint.com\/wp-content\/uploads\/sleutelkluis-amsterdam.jpg 960w\" sizes=\"(max-width: 300px) 100vw, 300px\" \/><\/div>\n\t\t<\/figure>\n\t<\/div>\n<\/div><\/div><\/div><\/div><\/div><\/div><\/div><\/div><\/div><\/div><div class=\"vc_row wpb_row vc_row-fluid mkdf-section mkdf-content-aligment-left\" style=\"\"><div class=\"clearfix mkdf-full-section-inner\"><div class=\"wpb_column vc_column_container vc_col-sm-12\"><div class=\"vc_column-inner\"><div class=\"wpb_wrapper\">\n\t<div class=\"wpb_text_column wpb_content_element \" >\n\t\t<div class=\"wpb_wrapper\">\n\t\t\t<h2>Servi\u00e7o extra para os teus convidados<\/h2>\n<p>Nos nossos locais Lockerpoint, encontrar\u00e1s grandes cacifos de bagagem que os teus h\u00f3spedes podem alugar no in\u00edcio ou no fim da estadia. Desta forma, podem desfrutar da sua estadia em Amesterd\u00e3o sem terem de carregar toda a bagagem que acumularam. <\/p>\n<h2>Tens d\u00favidas sobre o nosso servi\u00e7o de chaves?<\/h2>\n<p>Tens perguntas ou pedidos especiais? Entra em contacto connosco atrav\u00e9s do formul\u00e1rio abaixo ou liga para o nosso servi\u00e7o de apoio ao cliente. Teremos todo o gosto em ajudar-te com qualquer problema que possas ter. O nosso principal objetivo \u00e9 ter clientes satisfeitos.<\/p>\n\n\t\t<\/div>\n\t<\/div>\n<\/div><\/div><\/div><\/div><\/div><div class=\"vc_row wpb_row vc_row-fluid mkdf-section mkdf-content-aligment-left\" style=\"\"><div class=\"clearfix mkdf-full-section-inner\"><div class=\"wpb_column vc_column_container vc_col-sm-12\"><div class=\"vc_column-inner\"><div class=\"wpb_wrapper\"><div data-original-height=\"40\" class=\"vc_empty_space\"  style=\"height: 40px\" >\n\t<span class=\"vc_empty_space_inner\"><\/span><\/div>\n\n\t<div class=\"wpb_text_column wpb_content_element \" >\n\t\t<div class=\"wpb_wrapper\">\n\t\t\t<h3>Formul\u00e1rio de contacto<\/h3>\n\n\t\t<\/div>\n\t<\/div>\n<div data-original-height=\"40\" class=\"vc_empty_space\"  style=\"height: 40px\" >\n\t<span class=\"vc_empty_space_inner\"><\/span><\/div>\n\n<div class=\"wpcf7 no-js\" id=\"wpcf7-f3167-o1\" lang=\"en-US\" dir=\"ltr\" data-wpcf7-id=\"3167\">\n<div class=\"screen-reader-response\"><p role=\"status\" aria-live=\"polite\" aria-atomic=\"true\"><\/p> <ul><\/ul><\/div>\n<form action=\"\/pt-pt\/wp-json\/wp\/v2\/pages\/30704#wpcf7-f3167-o1\" method=\"post\" class=\"wpcf7-form init\" aria-label=\"Contact form\" novalidate=\"novalidate\" data-status=\"init\">\n<fieldset class=\"hidden-fields-container\"><input type=\"hidden\" name=\"_wpcf7\" value=\"3167\" \/><input type=\"hidden\" name=\"_wpcf7_version\" value=\"6.1.5\" \/><input type=\"hidden\" name=\"_wpcf7_locale\" value=\"en_US\" \/><input type=\"hidden\" name=\"_wpcf7_unit_tag\" value=\"wpcf7-f3167-o1\" \/><input type=\"hidden\" name=\"_wpcf7_container_post\" value=\"0\" \/><input type=\"hidden\" name=\"_wpcf7_posted_data_hash\" value=\"\" \/><input type=\"hidden\" name=\"_wpcf7_recaptcha_response\" value=\"\" \/>\n<\/fieldset>\n<p>Your name\n<\/p>\n<p><span class=\"wpcf7-form-control-wrap\" data-name=\"your-name\"><input size=\"40\" maxlength=\"400\" class=\"wpcf7-form-control wpcf7-text wpcf7-validates-as-required\" aria-required=\"true\" aria-invalid=\"false\" value=\"\" type=\"text\" name=\"your-name\" \/><\/span>\n<\/p>\n<p>Phone number\n<\/p>\n<p><span class=\"wpcf7-form-control-wrap\" data-name=\"telefoonnummer\"><input size=\"40\" maxlength=\"400\" class=\"wpcf7-form-control wpcf7-text\" aria-invalid=\"false\" value=\"\" type=\"text\" name=\"telefoonnummer\" \/><\/span>\n<\/p>\n<p>Your email address\n<\/p>\n<p><span class=\"wpcf7-form-control-wrap\" data-name=\"your-email\"><input size=\"40\" maxlength=\"400\" class=\"wpcf7-form-control wpcf7-email wpcf7-validates-as-required wpcf7-text wpcf7-validates-as-email\" aria-required=\"true\" aria-invalid=\"false\" value=\"\" type=\"email\" name=\"your-email\" \/><\/span>\n<\/p>\n<p>Your message\n<\/p>\n<p><span class=\"wpcf7-form-control-wrap\" data-name=\"your-message\"><textarea cols=\"40\" rows=\"10\" maxlength=\"2000\" class=\"wpcf7-form-control wpcf7-textarea\" aria-invalid=\"false\" name=\"your-message\"><\/textarea><\/span>\n<\/p>\n\n<p style=\"text-align: right;\"><input class=\"wpcf7-form-control wpcf7-submit has-spinner\" type=\"submit\" value=\"Send\" \/>\n<\/p><div class=\"wpcf7-response-output\" aria-hidden=\"true\"><\/div>\n<\/form>\n<\/div>\n<div data-original-height=\"40\" class=\"vc_empty_space\"  style=\"height: 40px\" >\n\t<span class=\"vc_empty_space_inner\"><\/span><\/div>\n<\/div><\/div><\/div><\/div><\/div>\n","protected":false},"excerpt":{"rendered":"Servi\u00e7o chave de Amesterd\u00e3o Servi\u00e7o-chave Airbnb Amesterd\u00e3o Classifica\u00e7\u00e3o: &#9733;&#9733;&#9733;&#9733;&#9733; 4.6 baseado em 140 avalia\u00e7\u00f5es. 5 1 Anonymous N\u00e3o consegues entregar as chaves do teu apartamento alugado aos teus h\u00f3spedes? Fica \u00e0 vontade e utiliza o servi\u00e7o de chaves Lockerpoint (Airbnb) em Amesterd\u00e3o. Fazemos uma transfer\u00eancia de chaves simples e segura entre ti e os teus inquilinos a pre\u00e7os muito vantajosos. Ponto de entrega de chaves simples, seguro e barato em Amesterd\u00e3o A Lockerpoint tem localiza\u00e7\u00f5es centrais e seguras perto de locais tur\u00edsticos como a Esta\u00e7\u00e3o Central de Amesterd\u00e3o. Aluga connosco...","protected":false},"author":1,"featured_media":3143,"parent":0,"menu_order":0,"comment_status":"closed","ping_status":"closed","template":"","meta":{"footnotes":""},"class_list":["post-30704","page","type-page","status-publish","has-post-thumbnail","hentry"],"yoast_head":"<!-- This site is optimized with the Yoast SEO plugin v27.4 - https:\/\/yoast.com\/product\/yoast-seo-wordpress\/ -->\n<title>Servi\u00e7o de chaves Airbnb Amsterdam | Entrega de chaves Lockerpoint<\/title>\n<meta name=\"description\" content=\"Fazemos uma transfer\u00eancia de chaves simples e segura entre ti e os teus inquilinos a pre\u00e7os muito vantajosos. Utiliza o nosso servi\u00e7o de chaves. Um ponto de entrega de chaves simples, seguro e barato em Amesterd\u00e3o. S\u00f3 tens de comunicar a localiza\u00e7\u00e3o do Lockerpoint e o c\u00f3digo pin aos teus h\u00f3spedes para que a transfer\u00eancia de chaves seja segura.\" \/>\n<meta name=\"robots\" content=\"index, follow, max-snippet:-1, max-image-preview:large, max-video-preview:-1\" \/>\n<link rel=\"canonical\" href=\"https:\/\/www.lockerpoint.com\/pt-pt\/servico-chave-airbnb-amesterdao\/\" \/>\n<meta property=\"og:locale\" content=\"pt_PT\" \/>\n<meta property=\"og:type\" content=\"article\" \/>\n<meta property=\"og:title\" content=\"Servi\u00e7o de chaves Airbnb Amsterdam | Entrega de chaves Lockerpoint\" \/>\n<meta property=\"og:description\" content=\"Fazemos uma transfer\u00eancia de chaves simples e segura entre ti e os teus inquilinos a pre\u00e7os muito vantajosos. Utiliza o nosso servi\u00e7o de chaves. Um ponto de entrega de chaves simples, seguro e barato em Amesterd\u00e3o. S\u00f3 tens de comunicar a localiza\u00e7\u00e3o do Lockerpoint e o c\u00f3digo pin aos teus h\u00f3spedes para que a transfer\u00eancia de chaves seja segura.\" \/>\n<meta property=\"og:url\" content=\"https:\/\/www.lockerpoint.com\/pt-pt\/servico-chave-airbnb-amesterdao\/\" \/>\n<meta property=\"og:site_name\" content=\"Lockerpoint.com\" \/>\n<meta property=\"article:publisher\" content=\"https:\/\/www.facebook.com\/pages\/category\/Product-Service\/Lockerpointcom-1771311219606964\/\" \/>\n<meta property=\"article:modified_time\" content=\"2026-01-07T09:16:31+00:00\" \/>\n<meta property=\"og:image\" content=\"https:\/\/www.lockerpoint.com\/wp-content\/uploads\/sleutelkluis-amsterdam.jpg\" \/>\n\t<meta property=\"og:image:width\" content=\"960\" \/>\n\t<meta property=\"og:image:height\" content=\"640\" \/>\n\t<meta property=\"og:image:type\" content=\"image\/jpeg\" \/>\n<meta name=\"twitter:card\" content=\"summary_large_image\" \/>\n<meta name=\"twitter:label1\" content=\"Tempo estimado de leitura\" \/>\n\t<meta name=\"twitter:data1\" content=\"2 minutos\" \/>\n<!-- \/ Yoast SEO plugin. -->","yoast_head_json":{"title":"Servi\u00e7o de chaves Airbnb Amsterdam | Entrega de chaves Lockerpoint","description":"Fazemos uma transfer\u00eancia de chaves simples e segura entre ti e os teus inquilinos a pre\u00e7os muito vantajosos. Utiliza o nosso servi\u00e7o de chaves. Um ponto de entrega de chaves simples, seguro e barato em Amesterd\u00e3o. S\u00f3 tens de comunicar a localiza\u00e7\u00e3o do Lockerpoint e o c\u00f3digo pin aos teus h\u00f3spedes para que a transfer\u00eancia de chaves seja segura.","robots":{"index":"index","follow":"follow","max-snippet":"max-snippet:-1","max-image-preview":"max-image-preview:large","max-video-preview":"max-video-preview:-1"},"canonical":"https:\/\/www.lockerpoint.com\/pt-pt\/servico-chave-airbnb-amesterdao\/","og_locale":"pt_PT","og_type":"article","og_title":"Servi\u00e7o de chaves Airbnb Amsterdam | Entrega de chaves Lockerpoint","og_description":"Fazemos uma transfer\u00eancia de chaves simples e segura entre ti e os teus inquilinos a pre\u00e7os muito vantajosos. Utiliza o nosso servi\u00e7o de chaves. Um ponto de entrega de chaves simples, seguro e barato em Amesterd\u00e3o. S\u00f3 tens de comunicar a localiza\u00e7\u00e3o do Lockerpoint e o c\u00f3digo pin aos teus h\u00f3spedes para que a transfer\u00eancia de chaves seja segura.","og_url":"https:\/\/www.lockerpoint.com\/pt-pt\/servico-chave-airbnb-amesterdao\/","og_site_name":"Lockerpoint.com","article_publisher":"https:\/\/www.facebook.com\/pages\/category\/Product-Service\/Lockerpointcom-1771311219606964\/","article_modified_time":"2026-01-07T09:16:31+00:00","og_image":[{"width":960,"height":640,"url":"https:\/\/www.lockerpoint.com\/wp-content\/uploads\/sleutelkluis-amsterdam.jpg","type":"image\/jpeg"}],"twitter_card":"summary_large_image","twitter_misc":{"Tempo estimado de leitura":"2 minutos"},"schema":{"@context":"https:\/\/schema.org","@graph":[{"@type":"WebPage","@id":"https:\/\/www.lockerpoint.com\/pt-pt\/servico-chave-airbnb-amesterdao\/","url":"https:\/\/www.lockerpoint.com\/pt-pt\/servico-chave-airbnb-amesterdao\/","name":"Servi\u00e7o de chaves Airbnb Amsterdam | Entrega de chaves Lockerpoint","isPartOf":{"@id":"https:\/\/www.lockerpoint.com\/pt-pt\/#website"},"primaryImageOfPage":{"@id":"https:\/\/www.lockerpoint.com\/pt-pt\/servico-chave-airbnb-amesterdao\/#primaryimage"},"image":{"@id":"https:\/\/www.lockerpoint.com\/pt-pt\/servico-chave-airbnb-amesterdao\/#primaryimage"},"thumbnailUrl":"https:\/\/www.lockerpoint.com\/wp-content\/uploads\/sleutelkluis-amsterdam.jpg","datePublished":"2026-01-07T09:16:25+00:00","dateModified":"2026-01-07T09:16:31+00:00","description":"Fazemos uma transfer\u00eancia de chaves simples e segura entre ti e os teus inquilinos a pre\u00e7os muito vantajosos. Utiliza o nosso servi\u00e7o de chaves. Um ponto de entrega de chaves simples, seguro e barato em Amesterd\u00e3o. S\u00f3 tens de comunicar a localiza\u00e7\u00e3o do Lockerpoint e o c\u00f3digo pin aos teus h\u00f3spedes para que a transfer\u00eancia de chaves seja segura.","breadcrumb":{"@id":"https:\/\/www.lockerpoint.com\/pt-pt\/servico-chave-airbnb-amesterdao\/#breadcrumb"},"inLanguage":"pt-PT","potentialAction":[{"@type":"ReadAction","target":["https:\/\/www.lockerpoint.com\/pt-pt\/servico-chave-airbnb-amesterdao\/"]}]},{"@type":"ImageObject","inLanguage":"pt-PT","@id":"https:\/\/www.lockerpoint.com\/pt-pt\/servico-chave-airbnb-amesterdao\/#primaryimage","url":"https:\/\/www.lockerpoint.com\/wp-content\/uploads\/sleutelkluis-amsterdam.jpg","contentUrl":"https:\/\/www.lockerpoint.com\/wp-content\/uploads\/sleutelkluis-amsterdam.jpg","width":960,"height":640,"caption":"Golden Key Gold Security Key Close"},{"@type":"BreadcrumbList","@id":"https:\/\/www.lockerpoint.com\/pt-pt\/servico-chave-airbnb-amesterdao\/#breadcrumb","itemListElement":[{"@type":"ListItem","position":1,"name":"Home","item":"https:\/\/www.lockerpoint.com\/pt-pt\/"},{"@type":"ListItem","position":2,"name":"Servi\u00e7o-chave Airbnb Amesterd\u00e3o"}]},{"@type":"WebSite","@id":"https:\/\/www.lockerpoint.com\/pt-pt\/#website","url":"https:\/\/www.lockerpoint.com\/pt-pt\/","name":"Lockerpoint.com","description":"lockerpoint.com","potentialAction":[{"@type":"SearchAction","target":{"@type":"EntryPoint","urlTemplate":"https:\/\/www.lockerpoint.com\/pt-pt\/?s={search_term_string}"},"query-input":{"@type":"PropertyValueSpecification","valueRequired":true,"valueName":"search_term_string"}}],"inLanguage":"pt-PT"}]}},"_links":{"self":[{"href":"https:\/\/www.lockerpoint.com\/pt-pt\/wp-json\/wp\/v2\/pages\/30704","targetHints":{"allow":["GET"]}}],"collection":[{"href":"https:\/\/www.lockerpoint.com\/pt-pt\/wp-json\/wp\/v2\/pages"}],"about":[{"href":"https:\/\/www.lockerpoint.com\/pt-pt\/wp-json\/wp\/v2\/types\/page"}],"author":[{"embeddable":true,"href":"https:\/\/www.lockerpoint.com\/pt-pt\/wp-json\/wp\/v2\/users\/1"}],"replies":[{"embeddable":true,"href":"https:\/\/www.lockerpoint.com\/pt-pt\/wp-json\/wp\/v2\/comments?post=30704"}],"version-history":[{"count":5,"href":"https:\/\/www.lockerpoint.com\/pt-pt\/wp-json\/wp\/v2\/pages\/30704\/revisions"}],"predecessor-version":[{"id":30719,"href":"https:\/\/www.lockerpoint.com\/pt-pt\/wp-json\/wp\/v2\/pages\/30704\/revisions\/30719"}],"wp:featuredmedia":[{"embeddable":true,"href":"https:\/\/www.lockerpoint.com\/pt-pt\/wp-json\/wp\/v2\/media\/3143"}],"wp:attachment":[{"href":"https:\/\/www.lockerpoint.com\/pt-pt\/wp-json\/wp\/v2\/media?parent=30704"}],"curies":[{"name":"wp","href":"https:\/\/api.w.org\/{rel}","templated":true}]}}